{"id":109,"date":"2021-06-26T23:14:12","date_gmt":"2021-06-26T23:14:12","guid":{"rendered":"https:\/\/e-ducadores.net\/epcontic\/?page_id=109"},"modified":"2021-06-27T00:54:59","modified_gmt":"2021-06-27T00:54:59","slug":"capitulo-7","status":"publish","type":"page","link":"https:\/\/e-ducadores.net\/epcontic\/capitulo-7\/","title":{"rendered":"Cap\u00edtulo 7"},"content":{"rendered":"\n<h3 class=\"wp-block-heading\"><em><strong>Innovando en el aula<\/strong><\/em> <em><strong>(Actualizado 06\/21)<\/strong><\/em><\/h3>\n\n\n\n<h4 class=\"wp-block-heading\"><strong>Algunos conceptos desarrollados:<\/strong><\/h4>\n\n\n\n<p>\u00abEl docente innovador es ante todo una persona activa, creativa y predispuesta a asumir el cambio como una constante de su actuaci\u00f3n. Reconoce sus debilidades y la necesidad de capacitarse, de adquirir nuevos conocimientos y desarrollar nuevas competencias profesionales.<br>Promueve actitudes positivas y crea las condiciones necesarias para el desarrollo de las experiencias innovadoras que dise\u00f1a, propiciando ambientes educativos amenos, activos, participativos, creativos y colaborativos\u00bb. [&#8230;]<\/p>\n\n\n\n<p>\u00abCada uno de los educadores tenemos nuestra manera personal de ense\u00f1ar que est\u00e1 condicionada por una serie de factores que nos marcan como posibles docentes innovadores en la b\u00fasqueda de lograr un cambio pedag\u00f3gico significativo que cause impacto en nuestros estudiantes y en nuestro entorno\u00bb. [&#8230;]<\/p>\n\n\n\n<p>\u00abPara un educador innovador y creativo todos los elementos disponibles pueden resultar recursos pedag\u00f3gicos potenciales por el significado que se les otorga en el desarrollo de una clase. Los prop\u00f3sitos de la ense\u00f1anza gu\u00edan y definen el uso del material que puede haber sido dise\u00f1ado o no con una intencionalidad did\u00e1ctica\u00bb. [&#8230;]<\/p>\n\n\n\n<div class=\"wp-block-image\"><figure class=\"aligncenter size-large is-resized\"><img loading=\"lazy\" decoding=\"async\" src=\"https:\/\/e-ducadores.net\/epcontic\/wp-content\/uploads\/2021\/06\/banner1.png\" alt=\"\" class=\"wp-image-110\" width=\"780\" height=\"252\" srcset=\"https:\/\/e-ducadores.net\/epcontic\/wp-content\/uploads\/2021\/06\/banner1.png 930w, https:\/\/e-ducadores.net\/epcontic\/wp-content\/uploads\/2021\/06\/banner1-300x97.png 300w, https:\/\/e-ducadores.net\/epcontic\/wp-content\/uploads\/2021\/06\/banner1-768x248.png 768w\" sizes=\"auto, (max-width: 780px) 100vw, 780px\" \/><figcaption><a href=\"https:\/\/tublogenmiblog.blogspot.com\/\">https:\/\/tublogenmiblog.blogspot.com\/<\/a><\/figcaption><\/figure><\/div>\n\n\n\n<p>\u00abTu Blog en mi Blog\u00bb naci\u00f3 el 10 de febrero del 2009 y est\u00e1 lejos de ser un Blog de Blogs convencional. En realidad busca ser un Blog de Bloggers\u2026 un espacio en donde cada uno de los \u201ccreativos\u201d que en alg\u00fan momento decidieron compartir, a trav\u00e9s de un blog, sus ideas, reflexiones, conocimientos, y los de otras personas, puedan contar el por qu\u00e9 de esa iniciativa, qu\u00e9 los motiv\u00f3 a hacerlo, la experiencia, an\u00e9cdotas, vivencias,\u2026 [&#8230;]<\/p>\n\n\n\n<p>\u00abBajo el lema \u201cQu\u00e9 mejor que los propios autores para hablarnos sobre sus Blogs&#8230;\u201d este espacio, ya cuenta con m\u00e1s de 500 blogs presentados por sus creadores y se ha constituido en un excelente banco de recursos para los educadores.<br>Realizando una recorrida por sus entradas, las encontramos de diversas caracter\u00edsticas, para todas las \u00e1reas y los distintos niveles educativos.<br>Se ha intentado realizar en este libro una selecci\u00f3n para analizar, a trav\u00e9s de la presentaci\u00f3n de sus propios autores, que fue lo que los motiv\u00f3 a ser parte del maravilloso mundo de la Blogosfera. Ha resultado una muy interesante tarea porque, si se encuentran presentados en Tu Blog en mi Blog, es una consecuencia de su calidad y de su valor educativo\u00bb. [&#8230;]<\/p>\n\n\n\n<h4 class=\"wp-block-heading\"><strong>Links y fuentes bibliogr\u00e1ficas de este cap\u00edtulo:<\/strong><\/h4>\n\n\n\n<ol class=\"wp-block-list\"><li>Libedinsky Marta.(2001) La innovaci\u00f3n en la ense\u00f1anza. Dise\u00f1o y documentaci\u00f3n de experiencias de aula. Paid\u00f3s.<\/li><li>\u201cTu Blog en mi Blog\u201d-&nbsp;<a rel=\"noreferrer noopener\" href=\"http:\/\/www.tublogenmiblog.blogspot.com\/\" target=\"_blank\">http:\/\/www.tublogenmiblog.blogspot.com<\/a><\/li><li>El Blog de Albert Barra &#8211; <a href=\"https:\/\/www.pinterest.es\/albertbarra\/_saved\/\">https:\/\/www.pinterest.es\/albertbarra\/_saved\/<\/a><\/li><li>Las TIC en la Educaci\u00f3n &#8211;&nbsp;<a rel=\"noreferrer noopener\" href=\"http:\/\/eduticsantafe.blogspot.com\/\" target=\"_blank\">http:\/\/eduticsantafe.blogspot.com\/<\/a><\/li><li><a rel=\"noreferrer noopener\" href=\"http:\/\/eduticsantafe.blogspot.com\/2009\/07\/educacion-extra-muros-fotocopias-y.html\" target=\"_blank\">http:\/\/eduticsantafe.blogspot.com\/2009\/07\/educacion-extra-muros-fotocopias-y.html<\/a><\/li><li>El Blog de Jos\u00e9 Luis Castillo &#8211;&nbsp;<a rel=\"noreferrer noopener\" href=\"http:\/\/profeblog.es\/blog\/joseluis\/\" target=\"_blank\">http:\/\/profeblog.es\/blog\/joseluis\/<\/a><\/li><li>Educaci\u00f3n Tecnol\u00f3gica &#8211;&nbsp;<a rel=\"noreferrer noopener\" href=\"http:\/\/villaves56.blogspot.com\/\" target=\"_blank\">http:\/\/villaves56.blogspot.com\/<\/a><\/li><li>Internet como recurso educativo &#8211;&nbsp;<a rel=\"noreferrer noopener\" href=\"http:\/\/internetrecursoeducativo.blogia.com\/\" target=\"_blank\">http:\/\/internetrecursoeducativo.blogia.com\/<\/a><\/li><li><a rel=\"noreferrer noopener\" href=\"http:\/\/internetrecursoeducativo.blogia.com\/2010\/101701-competencia-digital-y-buenas-practicas-educativas.php\" target=\"_blank\">http:\/\/internetrecursoeducativo.blogia.com\/2010\/101701-competencia-digital-y-buenas-practicas-educativas.php<\/a><\/li><li>El Caparaz\u00f3n &#8211;&nbsp;<a rel=\"noreferrer noopener\" href=\"http:\/\/www.dreig.eu\/caparazon\/\" target=\"_blank\">http:\/\/www.dreig.eu\/caparazon\/<\/a><\/li><li>La Ciencia de la vida &#8211;&nbsp;<a rel=\"noreferrer noopener\" href=\"http:\/\/biogeocarlos.blogspot.com\/\" target=\"_blank\">http:\/\/biogeocarlos.blogspot.com\/<\/a><\/li><li>\u00daltimas noticias del Cosmos &#8211;&nbsp;<a rel=\"noreferrer noopener\" href=\"http:\/\/www.noticiasdelcosmos.com\/\" target=\"_blank\">http:\/\/www.noticiasdelcosmos.com\/<\/a><\/li><li>Curistoria &#8211; <a href=\"http:\/\/www.curistoria.com\/\">http:\/\/www.curistoria.com\/<\/a><\/li><li>Creatividad en la Escuela &#8211;&nbsp;<a rel=\"noreferrer noopener\" href=\"http:\/\/www.marisaeconde.blogspot.com\/\" target=\"_blank\">http:\/\/www.marisaeconde.blogspot.com\/<\/a><\/li><li>La Cartoteca &#8211;&nbsp;<a rel=\"noreferrer noopener\" href=\"http:\/\/alpoma.net\/carto\/\" target=\"_blank\">http:\/\/alpoma.net\/carto\/<\/a><\/li><li>Elemens &#8211;&nbsp;<a rel=\"noreferrer noopener\" href=\"http:\/\/www.franciscojosemenchencaballero.blogspot.com\/\" target=\"_blank\">http:\/\/www.franciscojosemenchencaballero.blogspot.com\/<\/a><\/li><li>Experimentos de F\u00edsica y Qu\u00edmica &#8211;&nbsp;<a rel=\"noreferrer noopener\" href=\"http:\/\/www.youtube.com\/user\/fqmanuel\" target=\"_blank\">http:\/\/www.youtube.com\/user\/fqmanuel<\/a><\/li><li>fq-experimentos &#8211;&nbsp;<a rel=\"noreferrer noopener\" href=\"http:\/\/fq-experimentos.blogspot.com\/\" target=\"_blank\">http:\/\/fq-experimentos.blogspot.com<\/a><\/li><li>Una tiza y t\u00fa &#8211;&nbsp;<a rel=\"noreferrer noopener\" href=\"http:\/\/unatizaytu.blogspot.com\/\" target=\"_blank\">http:\/\/unatizaytu.blogspot.com<\/a><\/li><li>Tito Eliatron Dixit &#8211;&nbsp;<a rel=\"noreferrer noopener\" href=\"http:\/\/eliatron.blogspot.com\/\" target=\"_blank\">http:\/\/eliatron.blogspot.com<\/a><\/li><li>Cuando contamos cuentos &#8211;&nbsp;<a rel=\"noreferrer noopener\" href=\"http:\/\/www.dariolevin.blogspot.com\/\" target=\"_blank\">http:\/\/www.dariolevin.blogspot.com\/<\/a><\/li><li>Mi Gato Negro Aventurero&nbsp;<a rel=\"noreferrer noopener\" href=\"http:\/\/goo.gl\/glxYu\" target=\"_blank\">http:\/\/goo.gl\/glxYu<\/a><\/li><li>El Dado del Arte &#8211;&nbsp;<a rel=\"noreferrer noopener\" href=\"http:\/\/eldadodelarte.blogspot.com\/\" target=\"_blank\">http:\/\/eldadodelarte.blogspot.com<\/a><\/li><li>Ciencia con paciencia &#8211;&nbsp;<a rel=\"noreferrer noopener\" href=\"http:\/\/cienciaconpaciencia.blogspot.com\/\" target=\"_blank\">http:\/\/cienciaconpaciencia.blogspot.com<\/a><\/li><li>Carpeta Pedag\u00f3gica &#8211;&nbsp;<a href=\"https:\/\/carpetapedagogica.com\/\">https:\/\/carpetapedagogica.com\/<\/a><\/li><li>F\u00edsica en la ciencia ficci\u00f3n &#8211; http:\/\/fisicacf.blogspot.com\/ (Ya no se encuentra disponible)<br><a href=\"https:\/\/naukas.com\/author\/sergiopalacios\/\">https:\/\/naukas.com\/author\/sergiopalacios\/<\/a> \/ <a href=\"https:\/\/twitter.com\/pr3cog?lang=es\">https:\/\/twitter.com\/pr3cog?lang=es<\/a> \/ <a href=\"https:\/\/es.wikipedia.org\/wiki\/Sergio_Luis_Palacios\">https:\/\/es.wikipedia.org\/wiki\/Sergio_Luis_Palacios<\/a> \/ 0<\/li><li>Canal de YouTube &#8211;&nbsp;<a rel=\"noreferrer noopener\" href=\"http:\/\/www.youtube.com\/user\/Cuaderintercultural\" target=\"_blank\">http:\/\/www.youtube.com\/user\/Cuaderintercultural<\/a><\/li><li>Cuaderno Intercultural &#8211;&nbsp;<a href=\"http:\/\/eclecticedu.blogspot.com\/2013\/03\/cuaderno-intercultural-material.html\">http:\/\/eclecticedu.blogspot.com\/2013\/03\/cuaderno-intercultural-material.html<\/a><\/li><li>Tour Historia &#8211;&nbsp;<a rel=\"noreferrer noopener\" href=\"http:\/\/tourhistoria.com\/\" target=\"_blank\">http:\/\/tourhistoria.com\/<\/a><\/li><li>Gaussianos &#8211;&nbsp;<a rel=\"noreferrer noopener\" href=\"http:\/\/gaussianos.com\/\" target=\"_blank\">http:\/\/gaussianos.com\/<\/a><\/li><li>WWWhat\u2019s&nbsp; new &#8211;&nbsp;<a rel=\"noreferrer noopener\" href=\"http:\/\/wwwhatsnew.com\/\" target=\"_blank\">http:\/\/wwwhatsnew.com<\/a><\/li><li>ARASAAC &#8211;&nbsp;<a href=\"https:\/\/arasaac.org\/\">https:\/\/arasaac.org\/<\/a><\/li><li>Garachico enclave &#8211;&nbsp;<a rel=\"noreferrer noopener\" href=\"http:\/\/garachicoenclave.blogspot.com\/\" target=\"_blank\">http:\/\/garachicoenclave.blogspot.com<\/a><\/li><li>Histarco &#8211;&nbsp;<a rel=\"noreferrer noopener\" href=\"http:\/\/www.histarco.org\/\" target=\"_blank\">http:\/\/www.histarco.org\/<\/a><\/li><li>Espiral &#8211;&nbsp;<a rel=\"noreferrer noopener\" href=\"http:\/\/www.ciberespiral.org\/\" target=\"_blank\">http:\/\/www.ciberespiral.org\/<\/a><\/li><li>Proyecto Cl\u00edo &#8211;&nbsp;<a rel=\"noreferrer noopener\" href=\"http:\/\/clio.rediris.es\/\" target=\"_blank\">http:\/\/clio.rediris.es\/<\/a><\/li><li>Cl\u00edo en Red &#8211;&nbsp;<a rel=\"noreferrer noopener\" href=\"http:\/\/clioenred.ning.com\/\" target=\"_blank\">http:\/\/clioenred.ning.com\/<\/a><\/li><li>Mi Sala Amarilla &#8211;&nbsp;<a rel=\"noreferrer noopener\" href=\"http:\/\/salaamarilla2009.blogspot.com\/\" target=\"_blank\">http:\/\/salaamarilla2009.blogspot.com\/<\/a><\/li><li>Oloblogger &#8211;&nbsp;<a rel=\"noreferrer noopener\" href=\"http:\/\/oloblogger.blogspot.com\/\" target=\"_blank\">http:\/\/oloblogger.blogspot.com\/<\/a><\/li><\/ol>\n\n\n\n<p>  <\/p>\n\n\n\n<figure class=\"wp-block-image size-large is-resized\"><a href=\"https:\/\/e-ducadores.net\/epcontic\/\"><img loading=\"lazy\" decoding=\"async\" src=\"https:\/\/e-ducadores.net\/epcontic\/wp-content\/uploads\/2021\/06\/crossroads5.png\" alt=\"\" class=\"wp-image-61\" width=\"93\" height=\"93\"\/><\/a><figcaption>Regresar al inicio<\/figcaption><\/figure>\n<div class=\"pvc_clear\"><\/div><p class=\"pvc_stats all \" data-element-id=\"109\" style=\"\"><i class=\"pvc-stats-icon medium\" aria-hidden=\"true\"><svg aria-hidden=\"true\" focusable=\"false\" data-prefix=\"far\" data-icon=\"chart-bar\" role=\"img\" xmlns=\"http:\/\/www.w3.org\/2000\/svg\" viewBox=\"0 0 512 512\" class=\"svg-inline--fa fa-chart-bar fa-w-16 fa-2x\"><path fill=\"currentColor\" d=\"M396.8 352h22.4c6.4 0 12.8-6.4 12.8-12.8V108.8c0-6.4-6.4-12.8-12.8-12.8h-22.4c-6.4 0-12.8 6.4-12.8 12.8v230.4c0 6.4 6.4 12.8 12.8 12.8zm-192 0h22.4c6.4 0 12.8-6.4 12.8-12.8V140.8c0-6.4-6.4-12.8-12.8-12.8h-22.4c-6.4 0-12.8 6.4-12.8 12.8v198.4c0 6.4 6.4 12.8 12.8 12.8zm96 0h22.4c6.4 0 12.8-6.4 12.8-12.8V204.8c0-6.4-6.4-12.8-12.8-12.8h-22.4c-6.4 0-12.8 6.4-12.8 12.8v134.4c0 6.4 6.4 12.8 12.8 12.8zM496 400H48V80c0-8.84-7.16-16-16-16H16C7.16 64 0 71.16 0 80v336c0 17.67 14.33 32 32 32h464c8.84 0 16-7.16 16-16v-16c0-8.84-7.16-16-16-16zm-387.2-48h22.4c6.4 0 12.8-6.4 12.8-12.8v-70.4c0-6.4-6.4-12.8-12.8-12.8h-22.4c-6.4 0-12.8 6.4-12.8 12.8v70.4c0 6.4 6.4 12.8 12.8 12.8z\" class=\"\"><\/path><\/svg><\/i> &nbsp;1,075&nbsp;total views, &nbsp;3&nbsp;views today<\/p><div class=\"pvc_clear\"><\/div>","protected":false},"excerpt":{"rendered":"<p>Innovando en el aula (Actualizado 06\/21) Algunos conceptos desarrollados: \u00abEl docente innovador es ante todo una persona activa, creativa y predispuesta a asumir el cambio como una constante de su actuaci\u00f3n. Reconoce sus debilidades y la necesidad de capacitarse, de adquirir nuevos conocimientos y desarrollar nuevas competencias profesionales.Promueve actitudes positivas y crea las condiciones necesarias <a class=\"read-more\" href=\"https:\/\/e-ducadores.net\/epcontic\/capitulo-7\/\">Read More<\/a><\/p>\n<div class=\"pvc_clear\"><\/div>\n<p class=\"pvc_stats all \" data-element-id=\"109\" style=\"\"><i class=\"pvc-stats-icon medium\" aria-hidden=\"true\"><svg aria-hidden=\"true\" focusable=\"false\" data-prefix=\"far\" data-icon=\"chart-bar\" role=\"img\" xmlns=\"http:\/\/www.w3.org\/2000\/svg\" viewBox=\"0 0 512 512\" class=\"svg-inline--fa fa-chart-bar fa-w-16 fa-2x\"><path fill=\"currentColor\" d=\"M396.8 352h22.4c6.4 0 12.8-6.4 12.8-12.8V108.8c0-6.4-6.4-12.8-12.8-12.8h-22.4c-6.4 0-12.8 6.4-12.8 12.8v230.4c0 6.4 6.4 12.8 12.8 12.8zm-192 0h22.4c6.4 0 12.8-6.4 12.8-12.8V140.8c0-6.4-6.4-12.8-12.8-12.8h-22.4c-6.4 0-12.8 6.4-12.8 12.8v198.4c0 6.4 6.4 12.8 12.8 12.8zm96 0h22.4c6.4 0 12.8-6.4 12.8-12.8V204.8c0-6.4-6.4-12.8-12.8-12.8h-22.4c-6.4 0-12.8 6.4-12.8 12.8v134.4c0 6.4 6.4 12.8 12.8 12.8zM496 400H48V80c0-8.84-7.16-16-16-16H16C7.16 64 0 71.16 0 80v336c0 17.67 14.33 32 32 32h464c8.84 0 16-7.16 16-16v-16c0-8.84-7.16-16-16-16zm-387.2-48h22.4c6.4 0 12.8-6.4 12.8-12.8v-70.4c0-6.4-6.4-12.8-12.8-12.8h-22.4c-6.4 0-12.8 6.4-12.8 12.8v70.4c0 6.4 6.4 12.8 12.8 12.8z\" class=\"\"><\/path><\/svg><\/i> &nbsp;1,075&nbsp;total views, &nbsp;3&nbsp;views today<\/p>\n<div class=\"pvc_clear\"><\/div>\n","protected":false},"author":1,"featured_media":0,"parent":0,"menu_order":0,"comment_status":"closed","ping_status":"closed","template":"","meta":{"footnotes":""},"class_list":["post-109","page","type-page","status-publish","hentry"],"_links":{"self":[{"href":"https:\/\/e-ducadores.net\/epcontic\/wp-json\/wp\/v2\/pages\/109","targetHints":{"allow":["GET"]}}],"collection":[{"href":"https:\/\/e-ducadores.net\/epcontic\/wp-json\/wp\/v2\/pages"}],"about":[{"href":"https:\/\/e-ducadores.net\/epcontic\/wp-json\/wp\/v2\/types\/page"}],"author":[{"embeddable":true,"href":"https:\/\/e-ducadores.net\/epcontic\/wp-json\/wp\/v2\/users\/1"}],"replies":[{"embeddable":true,"href":"https:\/\/e-ducadores.net\/epcontic\/wp-json\/wp\/v2\/comments?post=109"}],"version-history":[{"count":3,"href":"https:\/\/e-ducadores.net\/epcontic\/wp-json\/wp\/v2\/pages\/109\/revisions"}],"predecessor-version":[{"id":141,"href":"https:\/\/e-ducadores.net\/epcontic\/wp-json\/wp\/v2\/pages\/109\/revisions\/141"}],"wp:attachment":[{"href":"https:\/\/e-ducadores.net\/epcontic\/wp-json\/wp\/v2\/media?parent=109"}],"curies":[{"name":"wp","href":"https:\/\/api.w.org\/{rel}","templated":true}]}}