{"id":43,"date":"2021-06-26T13:34:23","date_gmt":"2021-06-26T13:34:23","guid":{"rendered":"https:\/\/e-ducadores.net\/epcontic\/?page_id=43"},"modified":"2021-06-26T15:28:51","modified_gmt":"2021-06-26T15:28:51","slug":"prologo","status":"publish","type":"page","link":"https:\/\/e-ducadores.net\/epcontic\/prologo\/","title":{"rendered":"Pr\u00f3logo"},"content":{"rendered":"\n<p><strong>por Paula P\u00e9rez&nbsp;<\/strong><a href=\"http:\/\/e-ducadores.com\/eptic\/?page_id=8#_edn1\">[i]<\/a><\/p>\n\n\n\n<p class=\"has-black-color has-text-color\">La introducci\u00f3n de las Tecnolog\u00edas de la Informaci\u00f3n y Comunicaci\u00f3n (TIC) en las escuelas no implica \u00fanicamente invertir en tecnolog\u00eda sino que supone muchos desaf\u00edos pedag\u00f3gicos.&nbsp;C\u00f3mo, cu\u00e1ndo, d\u00f3nde y qui\u00e9nes deben hacerlo son interrogantes a los cuales nos enfrentamos a diario. Lo que es sabido es que, para lograr estas transformaciones hacia el interior de las instituciones escolares solo puede hacerse de la mano de los docentes.&nbsp;Y uno de los mayores desaf\u00edos a los cuales se enfrentan hoy en materia de tecnolog\u00eda es lograr transferir al aula lo que aprenden en los cursos de capacitaci\u00f3n a los cuales asisten. y, con ella, la dificultad para manejar y entender los c\u00f3digos que proponen las nuevas tecnolog\u00edas existen,&nbsp;no siempre es un problema de falta de formaci\u00f3n de los docentes.&nbsp;Y aunque quienes se animan al trabajo con TIC en general modifican algunas de sus estrategias, a\u00fan en estos casos existe una enorme tensi\u00f3n entre los contenidos que se deben dar y lo que hay que cumplir, con el desarrollo de propuestas y proyectos m\u00e1s innovadores .<\/p>\n\n\n\n<p class=\"has-black-color has-text-color\"><strong><em>Estrategias pedag\u00f3gicas con TIC<\/em><\/strong>&nbsp;es un libro que quiere acompa\u00f1ar a todos estos docentes que quieren repensar y replantear sus pr\u00e1cticas para lograr la integraci\u00f3n de las TIC en ellas.<\/p>\n\n\n\n<p class=\"has-black-color has-text-color\">Conoc\u00ed a Cristina hace muchos a\u00f1os y juntas hemos compartido numerosas experiencias;&nbsp;su nombre ven\u00eda a mi mente en casi todas las ocasiones donde era necesario aliarse con alguien para innovar, investigar, convocar y contagiar a otros. Su nombre siempre surg\u00eda porque ella no es de los docentes que hablan de las TIC, es de las que ense\u00f1an con las TIC a sus alumnos, sean ni\u00f1os, j\u00f3venes o adultos.&nbsp;Esta experiencia que tiene ella le da una legitimidad \u00fanica a todas y cada una de las propuestas que hace en este libro, donde como en sus aulas- reales y virtuales- acompa\u00f1a cada una de las actividades.<\/p>\n\n\n\n<p class=\"has-black-color has-text-color\">Este libro presenta un recorrido por algunos conceptos y actividades que pueden guiar al docente que comienza a dar sus primeros pasos en su formaci\u00f3n y trabajo con TIC como a aquel que ya tiene cierta experiencia.<\/p>\n\n\n\n<p class=\"has-black-color has-text-color\">A lo largo de sus p\u00e1ginas encontrar\u00e1n un pantallazo sobre Internet, conceptos, actividades, ejemplos y experiencias propias y de otros colegas, recursos, juegos y tambi\u00e9n algo de historia.<\/p>\n\n\n\n<p class=\"has-black-color has-text-color\">En ellas se puede descubrir el potencial de las herramientas y del trabajo en rojo como la valoraci\u00f3n y el respeto a la diversidad que se conjuga en propuestas que integran a lo racional y emocional.<\/p>\n\n\n\n<p class=\"has-black-color has-text-color\"><strong><em>Estrategias pedag\u00f3gicas con TIC<\/em><\/strong>&nbsp;es un libro de referencia que sirve de informaci\u00f3n o instrucci\u00f3n espec\u00edfica sobre temas de tecnolog\u00eda de informaci\u00f3n y comunicaci\u00f3n y su bajada al aula.<\/p>\n\n\n\n<p class=\"has-black-color has-text-color\"><strong>Para no solo hablar de la importancia de las TIC sino para ense\u00f1ar con ellas.<\/strong><\/p>\n\n\n\n<hr class=\"wp-block-separator\"\/>\n\n\n\n<p><a href=\"http:\/\/e-ducadores.com\/eptic\/?page_id=8#_ednref1\">[i]<\/a>\u00a0Fue Directora Ejecutiva de la Fundaci\u00f3n Evoluci\u00f3n [www.fevolucion.org] ONG cuyo principal objetivo es contribuir al uso educativo de las Tecnolog\u00edas de Informaci\u00f3n y Comunicaci\u00f3n (1997-2008).\u00a0Docente de la Diplomatura y Carrera de Especializaci\u00f3n en Educaci\u00f3n y Nuevas Tecnolog\u00edas, FLACSO- Argentina, Asesora Pedag\u00f3gica en la Direcci\u00f3n Operativa de Incorporaci\u00f3n de Tecnolog\u00eda y docente estable de la Especializaci\u00f3n Superior en Tecnolog\u00edas de Informaci\u00f3n y Comunicaci\u00f3n y Educaci\u00f3n, de la Escuela de Capacitaci\u00f3n Docente- Centro de Pedagog\u00edas de Anticipaci\u00f3n (CePA) dependientes del Ministerio de Educaci\u00f3n del Gobierno de la Ciudad de Buenos Aires. Consultora en temas de educaci\u00f3n y nuevas tecnolog\u00edas, recibi\u00f3 una <em>MENCION ESPECIAL en el Premio Internacional Fundaci\u00f3n Telef\u00f3nica &#8211; OEI (Organizaci\u00f3n de Estados Iberoamericanos para la Educaci\u00f3n, la Ciencia y la Cultura) 2008, \u00c2 por su destacada labor en la Red Educativa Atlas para la Diversidad as\u00ed como su trabajo como promotora de iniciativas educativas innovadoras, su extraordinaria tarea en la formaci\u00f3n del profesorado y sus publicaciones \u201d.<\/em><\/p>\n\n\n\n<p> <br><\/p>\n\n\n\n<figure class=\"wp-block-image size-large is-resized\"><a href=\"https:\/\/e-ducadores.net\/epcontic\/\"><img loading=\"lazy\" decoding=\"async\" src=\"https:\/\/e-ducadores.net\/epcontic\/wp-content\/uploads\/2021\/06\/crossroads5.png\" alt=\"\" class=\"wp-image-61\" width=\"93\" height=\"93\"\/><\/a><figcaption>Regresar al inicio<\/figcaption><\/figure>\n\n\n\n<p><\/p>\n<div class=\"pvc_clear\"><\/div><p class=\"pvc_stats all \" data-element-id=\"43\" style=\"\"><i class=\"pvc-stats-icon medium\" aria-hidden=\"true\"><svg aria-hidden=\"true\" focusable=\"false\" data-prefix=\"far\" data-icon=\"chart-bar\" role=\"img\" xmlns=\"http:\/\/www.w3.org\/2000\/svg\" viewBox=\"0 0 512 512\" class=\"svg-inline--fa fa-chart-bar fa-w-16 fa-2x\"><path fill=\"currentColor\" d=\"M396.8 352h22.4c6.4 0 12.8-6.4 12.8-12.8V108.8c0-6.4-6.4-12.8-12.8-12.8h-22.4c-6.4 0-12.8 6.4-12.8 12.8v230.4c0 6.4 6.4 12.8 12.8 12.8zm-192 0h22.4c6.4 0 12.8-6.4 12.8-12.8V140.8c0-6.4-6.4-12.8-12.8-12.8h-22.4c-6.4 0-12.8 6.4-12.8 12.8v198.4c0 6.4 6.4 12.8 12.8 12.8zm96 0h22.4c6.4 0 12.8-6.4 12.8-12.8V204.8c0-6.4-6.4-12.8-12.8-12.8h-22.4c-6.4 0-12.8 6.4-12.8 12.8v134.4c0 6.4 6.4 12.8 12.8 12.8zM496 400H48V80c0-8.84-7.16-16-16-16H16C7.16 64 0 71.16 0 80v336c0 17.67 14.33 32 32 32h464c8.84 0 16-7.16 16-16v-16c0-8.84-7.16-16-16-16zm-387.2-48h22.4c6.4 0 12.8-6.4 12.8-12.8v-70.4c0-6.4-6.4-12.8-12.8-12.8h-22.4c-6.4 0-12.8 6.4-12.8 12.8v70.4c0 6.4 6.4 12.8 12.8 12.8z\" class=\"\"><\/path><\/svg><\/i> &nbsp;1,100&nbsp;total views, &nbsp;4&nbsp;views today<\/p><div class=\"pvc_clear\"><\/div>","protected":false},"excerpt":{"rendered":"<p>por Paula P\u00e9rez&nbsp;[i] La introducci\u00f3n de las Tecnolog\u00edas de la Informaci\u00f3n y Comunicaci\u00f3n (TIC) en las escuelas no implica \u00fanicamente invertir en tecnolog\u00eda sino que supone muchos desaf\u00edos pedag\u00f3gicos.&nbsp;C\u00f3mo, cu\u00e1ndo, d\u00f3nde y qui\u00e9nes deben hacerlo son interrogantes a los cuales nos enfrentamos a diario. Lo que es sabido es que, para lograr estas transformaciones hacia <a class=\"read-more\" href=\"https:\/\/e-ducadores.net\/epcontic\/prologo\/\">Read More<\/a><\/p>\n<div class=\"pvc_clear\"><\/div>\n<p class=\"pvc_stats all \" data-element-id=\"43\" style=\"\"><i class=\"pvc-stats-icon medium\" aria-hidden=\"true\"><svg aria-hidden=\"true\" focusable=\"false\" data-prefix=\"far\" data-icon=\"chart-bar\" role=\"img\" xmlns=\"http:\/\/www.w3.org\/2000\/svg\" viewBox=\"0 0 512 512\" class=\"svg-inline--fa fa-chart-bar fa-w-16 fa-2x\"><path fill=\"currentColor\" d=\"M396.8 352h22.4c6.4 0 12.8-6.4 12.8-12.8V108.8c0-6.4-6.4-12.8-12.8-12.8h-22.4c-6.4 0-12.8 6.4-12.8 12.8v230.4c0 6.4 6.4 12.8 12.8 12.8zm-192 0h22.4c6.4 0 12.8-6.4 12.8-12.8V140.8c0-6.4-6.4-12.8-12.8-12.8h-22.4c-6.4 0-12.8 6.4-12.8 12.8v198.4c0 6.4 6.4 12.8 12.8 12.8zm96 0h22.4c6.4 0 12.8-6.4 12.8-12.8V204.8c0-6.4-6.4-12.8-12.8-12.8h-22.4c-6.4 0-12.8 6.4-12.8 12.8v134.4c0 6.4 6.4 12.8 12.8 12.8zM496 400H48V80c0-8.84-7.16-16-16-16H16C7.16 64 0 71.16 0 80v336c0 17.67 14.33 32 32 32h464c8.84 0 16-7.16 16-16v-16c0-8.84-7.16-16-16-16zm-387.2-48h22.4c6.4 0 12.8-6.4 12.8-12.8v-70.4c0-6.4-6.4-12.8-12.8-12.8h-22.4c-6.4 0-12.8 6.4-12.8 12.8v70.4c0 6.4 6.4 12.8 12.8 12.8z\" class=\"\"><\/path><\/svg><\/i> &nbsp;1,100&nbsp;total views, &nbsp;4&nbsp;views today<\/p>\n<div class=\"pvc_clear\"><\/div>\n","protected":false},"author":1,"featured_media":0,"parent":0,"menu_order":0,"comment_status":"closed","ping_status":"closed","template":"","meta":{"footnotes":""},"class_list":["post-43","page","type-page","status-publish","hentry"],"_links":{"self":[{"href":"https:\/\/e-ducadores.net\/epcontic\/wp-json\/wp\/v2\/pages\/43","targetHints":{"allow":["GET"]}}],"collection":[{"href":"https:\/\/e-ducadores.net\/epcontic\/wp-json\/wp\/v2\/pages"}],"about":[{"href":"https:\/\/e-ducadores.net\/epcontic\/wp-json\/wp\/v2\/types\/page"}],"author":[{"embeddable":true,"href":"https:\/\/e-ducadores.net\/epcontic\/wp-json\/wp\/v2\/users\/1"}],"replies":[{"embeddable":true,"href":"https:\/\/e-ducadores.net\/epcontic\/wp-json\/wp\/v2\/comments?post=43"}],"version-history":[{"count":3,"href":"https:\/\/e-ducadores.net\/epcontic\/wp-json\/wp\/v2\/pages\/43\/revisions"}],"predecessor-version":[{"id":66,"href":"https:\/\/e-ducadores.net\/epcontic\/wp-json\/wp\/v2\/pages\/43\/revisions\/66"}],"wp:attachment":[{"href":"https:\/\/e-ducadores.net\/epcontic\/wp-json\/wp\/v2\/media?parent=43"}],"curies":[{"name":"wp","href":"https:\/\/api.w.org\/{rel}","templated":true}]}}