{"id":45,"date":"2021-06-26T13:37:48","date_gmt":"2021-06-26T13:37:48","guid":{"rendered":"https:\/\/e-ducadores.net\/epcontic\/?page_id=45"},"modified":"2021-06-27T00:49:47","modified_gmt":"2021-06-27T00:49:47","slug":"capitulo-1","status":"publish","type":"page","link":"https:\/\/e-ducadores.net\/epcontic\/capitulo-1\/","title":{"rendered":"Cap\u00edtulo 1"},"content":{"rendered":"\n<h3 class=\"wp-block-heading\"><strong><em>Aprendiendo en la Red <\/em><\/strong>(Actualizado al 06\/21)<\/h3>\n\n\n\n<p class=\"has-medium-font-size\"><strong>Algunos conceptos desarrollados:<\/strong><\/p>\n\n\n\n<p>\u201cInternet es una red que conecta, a trav\u00e9s de medios diferentes, a millones de computadoras de todo el mundo de manera tal que pueden comunicarse entre s\u00ed, utilizando un lenguaje com\u00fan e intercambiando informaci\u00f3n\u201d.&nbsp;[&#8230;]<\/p>\n\n\n\n<div class=\"wp-block-image\"><figure class=\"aligncenter size-large\"><img loading=\"lazy\" decoding=\"async\" width=\"640\" height=\"316\" src=\"https:\/\/e-ducadores.net\/epcontic\/wp-content\/uploads\/2021\/06\/earth-3866609_640.jpg\" alt=\"\" class=\"wp-image-58\" srcset=\"https:\/\/e-ducadores.net\/epcontic\/wp-content\/uploads\/2021\/06\/earth-3866609_640.jpg 640w, https:\/\/e-ducadores.net\/epcontic\/wp-content\/uploads\/2021\/06\/earth-3866609_640-300x148.jpg 300w\" sizes=\"auto, (max-width: 640px) 100vw, 640px\" \/><figcaption>Imagen de&nbsp;<a href=\"https:\/\/pixabay.com\/es\/users\/thedigitalartist-202249\/?utm_source=link-attribution&amp;utm_medium=referral&amp;utm_campaign=image&amp;utm_content=3866609\">Pete Linforth<\/a>&nbsp;en&nbsp;<a href=\"https:\/\/pixabay.com\/es\/?utm_source=link-attribution&amp;utm_medium=referral&amp;utm_campaign=image&amp;utm_content=3866609\">Pixabay<\/a>&nbsp;<\/figcaption><\/figure><\/div>\n\n\n\n<p>\u201cSu historia se remonta a los inicios del desarrollo de las redes de comunicaci\u00f3n, a comienzos de 1960 cuando JCR Licklider, comprendi\u00f3 la necesidad de una red mundial, seg\u00fan consta en su documento \u00abMan-Computer Simbiosis\u00bb&nbsp;(Simbiosis Hombre-Computadora): \u201cuna red de muchos [ordenadores], conectados mediante l\u00edneas de comunicaci\u00f3n de banda ancha\u201d las cuales ofrecen \u201clas funciones hoy existentes de las bibliotecas junto con anticipados avances en el guardado y adquisici\u00f3n de informaci\u00f3n y otras ] funciones simbi\u00f3ticas \u201d.&nbsp;[&#8230;]<\/p>\n\n\n\n<p>\u201cLos nuevos recursos que brinda la Web 2.0 pueden ser un excelente aliado del educador, ya que facilitan instancias de producci\u00f3n de contenido desde una variedad de lenguajes.&nbsp;Si se planifica su uso con sentido pedag\u00f3gico, pueden convertirse en excelentes facilitadores de los procesos de ense\u00f1anza-aprendizaje.<br>Pero, se debe tener en cuenta que, si bien Internet facilita el acceso a la informaci\u00f3n, no fue creado con un fin pedag\u00f3gico y es el andamiaje del docente el que har\u00e1 posible que el alumno construya nuevos conocimientos, a trav\u00e9s de su utilizaci\u00f3n \u201d.&nbsp;[&#8230;]<\/p>\n\n\n\n<p>\u201cB\u00e1sicamente, la Web 2.0 es una segunda generaci\u00f3n de servicios y comunidades basadas en la Web que facilita la colaboraci\u00f3n entre usuarios.<br>La Red ya no es s\u00f3lo un espacio al que los alumnos se dirigen para buscar informaci\u00f3n, sino que incrementan su nivel de implicaci\u00f3n produciendo sus propios contenidos y p\u00fablicos mediante sencillas aplicaciones \u201d.<\/p>\n\n\n\n<p>\u201cLos blogs representan un contexto id\u00f3neo para el desarrollo de competencias tales como: pensamiento cr\u00edtico, autonom\u00eda, iniciativa, trabajo colaborativo y responsabilidad individual.&nbsp;Su potencial como herramienta pedag\u00f3gica est\u00e1 en su car\u00e1cter bidireccional de la comunicaci\u00f3n, tanto por el intercambio que se establece dentro de cada publicaci\u00f3n a trav\u00e9s de los comentarios, como por la interrelaci\u00f3n que se establece entre los distintos blogs o con otras p\u00e1ginas Web, a trav\u00e9s de los hiperv\u00ednculos \u201d.&nbsp;[&#8230;]<\/p>\n\n\n\n<p>\u201cNosotros, los educadores, no podemos quedarnos sin descubrir los cambios producidos en la Web y sin aprovechar el potencial educativo que tienen estas nuevas herramientas y las TIC en general.&nbsp;Pero debemos emplear las nuevas tecnolog\u00edas, apropiandonos de ellas como herramientas para imaginar nuevos entornos educativos, nuevas actividades de aprendizaje, nuevas propuestas de conjunto y fundamentalmente para alcanzar el aprendizaje significativo de nuestros alumnos \u201d.&nbsp;[&#8230;]<\/p>\n\n\n\n<p><em><strong>Enlaces y fuentes bibliogr\u00e1ficas de este cap\u00edtulo:<\/strong><\/em><\/p>\n\n\n\n<ol class=\"has-black-color has-text-color wp-block-list\"><li>Simbiosis hombre-computadora Licklider JCR\u00c2 &#8211; Transacciones IRE sobre factores humanos en la electr\u00f3nica.<br>Disponible en&nbsp;<a rel=\"noreferrer noopener\" href=\"http:\/\/groups.csail.mit.edu\/medg\/people\/psz\/Licklider.html\" target=\"_blank\">http:\/\/groups.csail.mit.edu\/medg\/people\/psz\/Licklider.html<\/a><\/li><li>Sociedad de Internet (ISOC) &#8211;&nbsp;<a rel=\"noreferrer noopener\" href=\"http:\/\/www.isoc.org\/\" target=\"_blank\">http:\/\/www.isoc.org\/<\/a><\/li><li>Mosaico:&nbsp;<a rel=\"noreferrer noopener\" href=\"http:\/\/www.ncsa.illinois.edu\/Projects\/mosaic.html\" target=\"_blank\">http:\/\/www.ncsa.illinois.edu\/Projects\/mosaic.html<\/a><\/li><li>Wikipedia &#8211;&nbsp;<a rel=\"noreferrer noopener\" href=\"http:\/\/www.wikipedia.org\/\" target=\"_blank\">http:\/\/www.wikipedia.org\/<\/a><\/li><li>Facebook:&nbsp;<a rel=\"noreferrer noopener\" href=\"http:\/\/www.facebook.com\/\" target=\"_blank\">http:\/\/www.facebook.com\/<\/a><\/li><li>YouTube:&nbsp;<a rel=\"noreferrer noopener\" href=\"http:\/\/www.youtube.com\/\" target=\"_blank\">http:\/\/www.youtube.com<\/a><\/li><li>\u00abLa Internet, seis d\u00e9cadas\u00bb &#8211; Discovery Channel<br>Lamentablemente, esta genialidad ya no se encuentra disponible.<\/li><li>Seis grandes ideas que subyacen en la Web 2.0 \u2033 &#8211; \u00bfQu\u00e9 es la Web 2.0?&nbsp;Ideas, tecnolog\u00edas e implicaciones para la educaci\u00f3n \u201d- Paul Anderson<br><a href=\"https:\/\/rsc-archive.jisc.ac.uk\/pluginfile.php\/939\/mod_resource\/content\/0\/Documents\/JISC_TechWatch_what_is_web_2_summary.pdf\">https:\/\/rsc-archive.jisc.ac.uk\/pluginfile.php\/939\/mod_resource\/content\/0\/Documents\/JISC_TechWatch_what_is_web_2_summary.pdf<\/a><\/li><li>Claves para dise\u00f1ar actividades cr\u00edticas y creativas en las aulas\u00bb &#8211; Lara Tiscar<br><a href=\"https:\/\/leer.es\/recursos\/investigar\/detalle\/-\/asset_publisher\/3fAFCQK7mwkO\/content\/claves-para-disenar-actividades-criticas-y-creativas-en-las-aulas-tiscar-lara\">https:\/\/leer.es\/recursos\/investigar\/detalle\/-\/asset_publisher\/3fAFCQK7mwkO\/content\/claves-para-disenar-actividades-criticas-y-creativas-en-las-aulas-tiscar-lara<\/a><\/li><li>\u00abNUEVAS ALFABETIZACIONES DE MEDIOS\u00bb&nbsp;de Henry Jenkins<br><a rel=\"noreferrer noopener\" href=\"http:\/\/dotsub.com\/view\/a75d1d0f-4559-4088-982c-255ff77233a5\" target=\"_blank\">http:\/\/dotsub.com\/view\/a75d1d0f-4559-4088-982c-255ff77233a5<\/a><\/li><li>Banco de im\u00e1genes y sonidos<br><a rel=\"noreferrer noopener\" href=\"http:\/\/recursostic.educacion.es\/bancoimagenes\/web\/\" target=\"_blank\">http:\/\/recursostic.educacion.es\/bancoimagenes\/web\/<\/a><\/li><li>Videoteca &#8211;&nbsp;<a rel=\"noreferrer noopener\" href=\"http:\/\/mediateca.educa.madrid.org\/\" target=\"_blank\">http:\/\/mediateca.educa.madrid.org\/<\/a><\/li><li>Canal de YouTube de Educ.ar &#8211;&nbsp;<a rel=\"noreferrer noopener\" href=\"http:\/\/www.youtube.com\/educarargentina\" target=\"_blank\">http:\/\/www.youtube.com\/educarargentina<\/a><\/li><li>Colecci\u00f3n Educ.ar &#8211;&nbsp;<a rel=\"noreferrer noopener\" href=\"http:\/\/coleccion.educ.ar\/\" target=\"_blank\">http:\/\/coleccion.educ.ar\/<\/a><\/li><li>Banco de recursos &#8211; Cuaderno Intercultural<br>YA NO SE ENCUENTRA DISPONIBLE.<\/li><li>Banco de Recursos Multimediales<br><a rel=\"noreferrer noopener\" href=\"https:\/\/sites.google.com\/site\/bancoderecursosmultimediales\/videos-educativos\" target=\"_blank\">https:\/\/sites.google.com\/site\/bancoderecursosmultimediales\/videos-educativos<\/a><\/li><li>La Web 2.0 y sus aplicaciones did\u00e1cticas &#8211; Pere Marqu\u00e9s Graells (11\/2007)<br><a rel=\"noreferrer noopener\" href=\"http:\/\/www.peremarques.net\/web20.htm\" target=\"_blank\">http:\/\/www.peremarques.net\/web20.htm<\/a>&nbsp;<br><br>\u2014\u2014\u2014\u2014\u2014\u2014\u2014\u2014\u2014\u2014\u2014\u2014\u2014\u2014\u2014\u2014\u2014\u2014\u2014\u2014\u2014\u2014\u2014\u2014\u2014\u2014\u2014\u2014\u2014<\/li><li>Cacer\u00eda \u00abLa Web Social\u00bb<br>El sitio&nbsp;&nbsp;http:\/\/www.webquest.es\/&nbsp;ya no se encuentra disponible.<\/li><li><a rel=\"noreferrer noopener\" href=\"http:\/\/es.wikipedia.org\/wiki\/Web_2.0\" target=\"_blank\">http:\/\/es.wikipedia.org\/wiki\/Web_2.0<\/a><\/li><li><a rel=\"noreferrer noopener\" href=\"http:\/\/es.wikipedia.org\/wiki\/Wikipedia\" target=\"_blank\">http:\/\/es.wikipedia.org\/wiki\/Wikipedia<\/a><\/li><li>El video ya no se encuentra disponible en YouTube.<\/li><li><a rel=\"noreferrer noopener\" href=\"http:\/\/dotsub.com\/films\/wikisinplainenglish\/index.php?autostart=true&amp;language_setting=es_712\" target=\"_blank\">http:\/\/dotsub.com\/films\/wikisinplainenglish\/index.php?autostart=true&amp;language_setting=es_712<\/a><\/li><li><a rel=\"noreferrer noopener\" href=\"http:\/\/www.youtube.com\/watch?v=Fo2fEP9S99I\" target=\"_blank\">http:\/\/www.youtube.com\/watch?v=Fo2fEP9S99I<\/a><\/li><li><a rel=\"noreferrer noopener\" href=\"http:\/\/www.slideshare.net\/lalunaesmilugar\/tutorial-de-youtube\" target=\"_blank\">http:\/\/www.slideshare.net\/lalunaesmilugar\/tutorial-de-youtube<\/a><\/li><li>El recurso ya no se encuentra disponible.<\/li><li><a rel=\"noreferrer noopener\" href=\"http:\/\/blog.educastur.es\/blogs-y-educacion\/\" target=\"_blank\">http:\/\/blog.educastur.es\/blogs-y-educacion\/<\/a> &#8211; <a href=\"https:\/\/www.educastur.es\/profesorado\/formacion-e-innovacion;jsessionid=B7D0A4E984B4748D3C078D35B93FE61B\" data-type=\"URL\" data-id=\"https:\/\/www.educastur.es\/profesorado\/formacion-e-innovacion;jsessionid=B7D0A4E984B4748D3C078D35B93FE61B\">https:\/\/www.educastur.es\/profesorado\/formacion-e-innovacion<\/a><\/li><li><a href=\"http:\/\/www.maestrosdelweb.com\/como-crear-un-video-blog\/\">http:\/\/www.maestrosdelweb.com\/como-crear-un-video-blog\/<\/a>&nbsp;(en reemplazo del recurso sugerido en el libro).<\/li><li><a rel=\"noreferrer noopener\" href=\"http:\/\/www.flickr.com\/photos\/10098389@N02\/1185513651\/\" target=\"_blank\">http:\/\/www.flickr.com\/photos\/10098389@N02\/1185513651\/<\/a><\/li><li>El recurso ya no se encuentra disponible<\/li><li><a rel=\"noreferrer noopener\" href=\"http:\/\/blog.educastur.es\/blog\/2007\/06\/18\/web-20-y-educacion\/\" target=\"_blank\">http:\/\/blog.educastur.es\/blog\/2007\/06\/18\/web-20-y-educacion\/<\/a><br><a href=\"https:\/\/www.educastur.es\/profesorado\/formacion-e-innovacion;jsessionid=B7D0A4E984B4748D3C078D35B93FE61B\">https:\/\/www.educastur.es\/profesorado\/formacion-e-innovacion<\/a><br>  <a rel=\"noreferrer noopener\" href=\"http:\/\/blog.educastur.es\/blog\/2007\/06\/18\/web-20-y-educacion\/\" target=\"_blank\"><br><\/a>\u2014\u2014\u2014\u2014\u2014\u2014\u2014\u2014\u2014\u2014\u2014\u2014\u2014\u2014\u2014\u2014\u2014\u2014\u2014\u2014\u2014\u2014\u2014\u2014\u2014\u2014\u2014\u2014\u2013<\/li><li><a rel=\"noreferrer noopener\" href=\"http:\/\/www.horizonteweb.com\/magazine\/Numero38.htm\" target=\"_blank\">http:\/\/www.horizonteweb.com\/magazine\/Numero38.htm<\/a><\/li><li><a rel=\"noreferrer noopener\" href=\"http:\/\/tiscar.com\/\" target=\"_blank\">http:\/\/tiscar.com\/<\/a><\/li><li>El sitio referenciado ya no se encuentra disponible.<\/li><li><a rel=\"noreferrer noopener\" href=\"http:\/\/www.cognicion.net\/index.php?option=com_content&amp;task=view&amp;id=384&amp;Itemid=1\" target=\"_blank\">http:\/\/www.cognicion.net\/index.php?option=com_content&amp;task=view&amp;id=384&amp;Itemid=1<\/a><\/li><li><a rel=\"noreferrer noopener\" href=\"http:\/\/www.vidadigital.net\/blog\/2005\/10\/02\/soy-un-blogfesor\/\" target=\"_blank\">http:\/\/www.vidadigital.net\/blog\/2005\/10\/02\/soy-un-blogfesor\/<\/a><\/li><\/ol>\n\n\n\n<p class=\"has-black-color has-text-color\"><\/p>\n\n\n\n<figure class=\"wp-block-image size-large is-resized\"><a href=\"https:\/\/e-ducadores.net\/epcontic\/\"><img loading=\"lazy\" decoding=\"async\" src=\"https:\/\/e-ducadores.net\/epcontic\/wp-content\/uploads\/2021\/06\/crossroads5.png\" alt=\"\" class=\"wp-image-61\" width=\"93\" height=\"93\"\/><\/a><figcaption>Regresar al inicio<\/figcaption><\/figure>\n<div class=\"pvc_clear\"><\/div><p class=\"pvc_stats all \" data-element-id=\"45\" style=\"\"><i class=\"pvc-stats-icon medium\" aria-hidden=\"true\"><svg aria-hidden=\"true\" focusable=\"false\" data-prefix=\"far\" data-icon=\"chart-bar\" role=\"img\" xmlns=\"http:\/\/www.w3.org\/2000\/svg\" viewBox=\"0 0 512 512\" class=\"svg-inline--fa fa-chart-bar fa-w-16 fa-2x\"><path fill=\"currentColor\" d=\"M396.8 352h22.4c6.4 0 12.8-6.4 12.8-12.8V108.8c0-6.4-6.4-12.8-12.8-12.8h-22.4c-6.4 0-12.8 6.4-12.8 12.8v230.4c0 6.4 6.4 12.8 12.8 12.8zm-192 0h22.4c6.4 0 12.8-6.4 12.8-12.8V140.8c0-6.4-6.4-12.8-12.8-12.8h-22.4c-6.4 0-12.8 6.4-12.8 12.8v198.4c0 6.4 6.4 12.8 12.8 12.8zm96 0h22.4c6.4 0 12.8-6.4 12.8-12.8V204.8c0-6.4-6.4-12.8-12.8-12.8h-22.4c-6.4 0-12.8 6.4-12.8 12.8v134.4c0 6.4 6.4 12.8 12.8 12.8zM496 400H48V80c0-8.84-7.16-16-16-16H16C7.16 64 0 71.16 0 80v336c0 17.67 14.33 32 32 32h464c8.84 0 16-7.16 16-16v-16c0-8.84-7.16-16-16-16zm-387.2-48h22.4c6.4 0 12.8-6.4 12.8-12.8v-70.4c0-6.4-6.4-12.8-12.8-12.8h-22.4c-6.4 0-12.8 6.4-12.8 12.8v70.4c0 6.4 6.4 12.8 12.8 12.8z\" class=\"\"><\/path><\/svg><\/i> &nbsp;1,312&nbsp;total views, &nbsp;2&nbsp;views today<\/p><div class=\"pvc_clear\"><\/div>","protected":false},"excerpt":{"rendered":"<p>Aprendiendo en la Red (Actualizado al 06\/21) Algunos conceptos desarrollados: \u201cInternet es una red que conecta, a trav\u00e9s de medios diferentes, a millones de computadoras de todo el mundo de manera tal que pueden comunicarse entre s\u00ed, utilizando un lenguaje com\u00fan e intercambiando informaci\u00f3n\u201d.&nbsp;[&#8230;] \u201cSu historia se remonta a los inicios del desarrollo de las <a class=\"read-more\" href=\"https:\/\/e-ducadores.net\/epcontic\/capitulo-1\/\">Read More<\/a><\/p>\n<div class=\"pvc_clear\"><\/div>\n<p class=\"pvc_stats all \" data-element-id=\"45\" style=\"\"><i class=\"pvc-stats-icon medium\" aria-hidden=\"true\"><svg aria-hidden=\"true\" focusable=\"false\" data-prefix=\"far\" data-icon=\"chart-bar\" role=\"img\" xmlns=\"http:\/\/www.w3.org\/2000\/svg\" viewBox=\"0 0 512 512\" class=\"svg-inline--fa fa-chart-bar fa-w-16 fa-2x\"><path fill=\"currentColor\" d=\"M396.8 352h22.4c6.4 0 12.8-6.4 12.8-12.8V108.8c0-6.4-6.4-12.8-12.8-12.8h-22.4c-6.4 0-12.8 6.4-12.8 12.8v230.4c0 6.4 6.4 12.8 12.8 12.8zm-192 0h22.4c6.4 0 12.8-6.4 12.8-12.8V140.8c0-6.4-6.4-12.8-12.8-12.8h-22.4c-6.4 0-12.8 6.4-12.8 12.8v198.4c0 6.4 6.4 12.8 12.8 12.8zm96 0h22.4c6.4 0 12.8-6.4 12.8-12.8V204.8c0-6.4-6.4-12.8-12.8-12.8h-22.4c-6.4 0-12.8 6.4-12.8 12.8v134.4c0 6.4 6.4 12.8 12.8 12.8zM496 400H48V80c0-8.84-7.16-16-16-16H16C7.16 64 0 71.16 0 80v336c0 17.67 14.33 32 32 32h464c8.84 0 16-7.16 16-16v-16c0-8.84-7.16-16-16-16zm-387.2-48h22.4c6.4 0 12.8-6.4 12.8-12.8v-70.4c0-6.4-6.4-12.8-12.8-12.8h-22.4c-6.4 0-12.8 6.4-12.8 12.8v70.4c0 6.4 6.4 12.8 12.8 12.8z\" class=\"\"><\/path><\/svg><\/i> &nbsp;1,312&nbsp;total views, &nbsp;2&nbsp;views today<\/p>\n<div class=\"pvc_clear\"><\/div>\n","protected":false},"author":1,"featured_media":0,"parent":0,"menu_order":0,"comment_status":"closed","ping_status":"closed","template":"","meta":{"footnotes":""},"class_list":["post-45","page","type-page","status-publish","hentry"],"_links":{"self":[{"href":"https:\/\/e-ducadores.net\/epcontic\/wp-json\/wp\/v2\/pages\/45","targetHints":{"allow":["GET"]}}],"collection":[{"href":"https:\/\/e-ducadores.net\/epcontic\/wp-json\/wp\/v2\/pages"}],"about":[{"href":"https:\/\/e-ducadores.net\/epcontic\/wp-json\/wp\/v2\/types\/page"}],"author":[{"embeddable":true,"href":"https:\/\/e-ducadores.net\/epcontic\/wp-json\/wp\/v2\/users\/1"}],"replies":[{"embeddable":true,"href":"https:\/\/e-ducadores.net\/epcontic\/wp-json\/wp\/v2\/comments?post=45"}],"version-history":[{"count":11,"href":"https:\/\/e-ducadores.net\/epcontic\/wp-json\/wp\/v2\/pages\/45\/revisions"}],"predecessor-version":[{"id":135,"href":"https:\/\/e-ducadores.net\/epcontic\/wp-json\/wp\/v2\/pages\/45\/revisions\/135"}],"wp:attachment":[{"href":"https:\/\/e-ducadores.net\/epcontic\/wp-json\/wp\/v2\/media?parent=45"}],"curies":[{"name":"wp","href":"https:\/\/api.w.org\/{rel}","templated":true}]}}