{"id":80,"date":"2021-06-26T16:20:13","date_gmt":"2021-06-26T16:20:13","guid":{"rendered":"https:\/\/e-ducadores.net\/epcontic\/?page_id=80"},"modified":"2021-06-27T00:52:53","modified_gmt":"2021-06-27T00:52:53","slug":"capitulo-3","status":"publish","type":"page","link":"https:\/\/e-ducadores.net\/epcontic\/capitulo-3\/","title":{"rendered":"Cap\u00edtulo 3"},"content":{"rendered":"\n<h3 class=\"wp-block-heading\"><em><strong>Guiando la investigaci\u00f3n de nuestros alumnos (Actualizado 06\/21)<\/strong><\/em><\/h3>\n\n\n\n<h4 class=\"wp-block-heading\"><strong>Algunos conceptos desarrollados:<\/strong><\/h4>\n\n\n\n<p class=\"has-black-color has-text-color\">\u201cComo ya hemos descubierto, Internet es un excelente recurso did\u00e1ctico y su potencial se puede utilizar dentro y fuera del aula. Pero navegar por la Red, en el plano educativo, debe constituirse, para nuestros estudiantes, en un proceso de b\u00fasqueda de informaci\u00f3n valiosa y significativa para la construcci\u00f3n del conocimiento. Esto implica que debemos guiarlos para que no \u00abnaufraguen\u00bb en ese \u00abmar\u00bb de informaci\u00f3n y la mejor forma de hacerlo es, como mencionamos anteriormente, crear actividades que permitan una navegaci\u00f3n en entornos seguros y que contengan informaci\u00f3n confiable\u201d. [&#8230;] <\/p>\n\n\n\n<p class=\"has-black-color has-text-color\">\u201cLas cazas del tesoro, las webquest y las miniquest son actividades, con estructura prefijada, que permiten aplicar metodolog\u00edas basadas en la investigaci\u00f3n y el procesamiento de informaci\u00f3n a partir de los recursos que ofrece Internet.&nbsp; Se busca a trav\u00e9s de estas herramientas que el alumno realice una actividad de b\u00fasqueda de informaci\u00f3n pautada y guiada\u201d. [&#8230;]<\/p>\n\n\n\n<div class=\"wp-block-image\"><figure class=\"aligncenter size-large\"><img loading=\"lazy\" decoding=\"async\" width=\"640\" height=\"360\" src=\"https:\/\/e-ducadores.net\/epcontic\/wp-content\/uploads\/2021\/06\/adventure-2528477_640.jpg\" alt=\"\" class=\"wp-image-87\" srcset=\"https:\/\/e-ducadores.net\/epcontic\/wp-content\/uploads\/2021\/06\/adventure-2528477_640.jpg 640w, https:\/\/e-ducadores.net\/epcontic\/wp-content\/uploads\/2021\/06\/adventure-2528477_640-300x169.jpg 300w\" sizes=\"auto, (max-width: 640px) 100vw, 640px\" \/><figcaption>Imagen de&nbsp;<a href=\"https:\/\/pixabay.com\/es\/users\/mastertux-470906\/?utm_source=link-attribution&amp;utm_medium=referral&amp;utm_campaign=image&amp;utm_content=2528477\">MasterTux<\/a>&nbsp;en&nbsp;<a href=\"https:\/\/pixabay.com\/es\/?utm_source=link-attribution&amp;utm_medium=referral&amp;utm_campaign=image&amp;utm_content=2528477\">Pixabay<\/a><\/figcaption><\/figure><\/div>\n\n\n\n<p class=\"has-black-color has-text-color\"> \u201cExiste un amplio banco&nbsp; de actividades de estas caracter\u00edsticas en la Red que se encuentran disponibles para ser adaptadas y utilizadas. Para desarrollarlas el docente dise\u00f1a una tarea, selecciona los mejores recursos disponibles en Internet, y presenta la actividad al alumno de manera interesante, motivadora y f\u00e1cil de comprender.&nbsp; Es importante prestar especial atenci\u00f3n a que se ajuste al tiempo previsto y a que cumpla con los objetivos de aprendizaje planificados\u201d. [&#8230;] <\/p>\n\n\n\n<p class=\"has-black-color has-text-color\">\u201cLas geointeracciones, definen situaciones de aprendizaje estructuradas, que implican tareas de b\u00faqueda, selecci\u00f3n, interpretaci\u00f3n, tratamiento y presentaci\u00f3n de informaci\u00f3n, con las herramientas, servicios y datos geogr\u00e1ficos disponibles en Internet\u201d. [&#8230;] <\/p>\n\n\n\n<p class=\"has-black-color has-text-color\">\u201cSi contamos en el aula con varios dispositivos es posible organizar estas actividades con estructura predeterminada basadas en la investigaci\u00f3n y el procesamiento de informaci\u00f3n a partir de los recursos que ofrece la Red, priorizando en todo momento el trabajo colaborativo y cooperativo de nuestros estudiantes\u201d. [&#8230;] <\/p>\n\n\n\n<p class=\"has-black-color has-text-color\">\u201cSi los alumnos de un grupo de trabajo utilizan, diferentes herramientas de b\u00fasqueda, acceden a diferentes sitios y luego contrastan y valoran la informaci\u00f3n encontrada, estaremos promoviendo el desarrollo del pensamiento en los niveles de an\u00e1lisis y evaluaci\u00f3n\u201d. [&#8230;]<\/p>\n\n\n\n<h4 class=\"wp-block-heading\"><strong>Links y fuentes bibliogr\u00e1ficas de este cap\u00edtulo:<\/strong><\/h4>\n\n\n\n<ol class=\"wp-block-list\"><li><span class=\"has-inline-color has-black-color\">Taller de Treasure Hunts y WebQuests\u201c &#8211; Isabel Perez&nbsp;<a rel=\"noreferrer noopener\" href=\"http:\/\/www.isabelperez.com\/webquest\/taller\/treasure.htm\" target=\"_blank\">http:\/\/www.isabelperez.com\/webquest\/taller\/treasure.htm<\/a><\/span><\/li><li><span class=\"has-inline-color has-black-color\">\u201cInternet en el aula: a la caza del tesoro\u201d \u2013 Jordi Adell&nbsp;<a href=\"http:\/\/www.edutec.es\/revista\/index.php\/edutec-e\/article\/view\/537\/271\">http:\/\/www.edutec.es\/revista\/index.php\/edutec-e\/article\/view\/537\/271<\/a><\/span><\/li><li><span class=\"has-inline-color has-black-color\">Las cazas del tesoro: Trucos y utilidades&nbsp;<a rel=\"noreferrer noopener\" href=\"http:\/\/www.interpeques2.com\/tic\/actividad-javier\/lu.pdf\" target=\"_blank\">http:\/\/www.interpeques2.com\/tic\/actividad-javier\/lu.pdf<\/a><\/span><\/li><li><span class=\"has-inline-color has-black-color\">Caza del tesoro: Web de preguntas y respuestas&nbsp;<a rel=\"noreferrer noopener\" href=\"http:\/\/vimeo.com\/14259662\" target=\"_blank\">http:\/\/vimeo.com\/14259662<\/a><\/span><\/li><li><span class=\"has-inline-color has-black-color\">Banco de actividades de estas caracter\u00edsticas en aula21.net&nbsp;<a rel=\"noreferrer noopener\" href=\"http:\/\/www.aula21.net\/cazas\/ejemplos.htm\" target=\"_blank\">http:\/\/www.aula21.net\/cazas\/ejemplos.htm<\/a><\/span><\/li><li><span class=\"has-inline-color has-black-color\">\u201cWebQuest\u201d editor online&nbsp;<a href=\"http:\/\/www.webquestcreator2.com\/majwq\/\">http:\/\/www.webquestcreator2.com\/majwq\/<\/a><\/span><\/li><li><span class=\"has-inline-color has-black-color\">\u201cCinco reglas para escribir una fabulosa WebQuest\u201d \u2013 Bernie Dodge.&nbsp;<a rel=\"noreferrer noopener\" href=\"http:\/\/www.eduteka.org\/Profesor10.php\" target=\"_blank\">http:\/\/www.eduteka.org\/Profesor10.php<\/a><\/span><\/li><li><span class=\"has-inline-color has-black-color\">WebQuest \u201cLa herencia de la t\u00ed\u00ada Romualda\u201d&nbsp;<a rel=\"noreferrer noopener\" href=\"https:\/\/www.uv.es\/=moltoe\/webquest\/romualda.wq\/top.htm\" target=\"_blank\">https:\/\/www.uv.es\/=moltoe\/webquest\/romualda.wq\/top.htm<\/a><\/span><\/li><li><span class=\"has-inline-color has-black-color\">Tareonom\u00ed\u00ada del WebQuest &#8211; <a rel=\"noreferrer noopener\" href=\"http:\/\/www.eduteka.org\/Tema11.php\" target=\"_blank\">http:\/\/www.eduteka.org\/Tema11.php<\/a><\/span><\/li><li>\u00ab<span class=\"has-inline-color has-black-color\">Webquest: reflexiones para la b\u00fasqueda de un modelo\u00bb \u2013 Ma. Jos\u00e9 Sestayo&nbsp;<\/span><br><a href=\"http:\/\/congresos.cnice.mec.es\/ceiie\/area5\/documentacion\/comunicaciones\/5comunicacion13.html\">http:\/\/congresos.cnice.mec.es\/ceiie\/area5\/documentacion\/comunicaciones\/5comunicacion13.html<\/a><\/li><li><span class=\"has-inline-color has-black-color\">R\u00fabrica para evaluar una WebQuest<br><a href=\"http:\/\/www.aula21.net\/tallerwq\/fundamentos\/mirubrica.htm\">http:\/\/www.aula21.net\/tallerwq\/fundamentos\/mirubrica.htm<\/a><\/span><\/li><li><span class=\"has-inline-color has-black-color\">Ejemplos WebQuest:<\/span><br><span class=\"has-inline-color has-black-color\">Biblioteca Sem\u00e1ntica de WebQuest SCORM&nbsp;<\/span><br><span class=\"has-inline-color has-black-color\"><a href=\"https:\/\/didactalia.net\/comunidad\/materialeducativo\/recurso\/biblioteca-semantica-de-webquest-scorm\/16b96f7d-ae1f-4e9d-94de-342b4c880f96\">https:\/\/didactalia.net\/comunidad\/materialeducativo\/recurso\/biblioteca-semantica-de-webquest-scorm\/16b96f7d-ae1f-4e9d-94de-342b4c880f96<\/a>&nbsp;<\/span><br><span class=\"has-inline-color has-black-color\">Algunos ejemplos de WebQuests en espa\u00f1ol&nbsp;<a href=\"http:\/\/www.isabelperez.com\/webquest\/ejemplos.htm\" data-type=\"URL\" data-id=\"http:\/\/www.isabelperez.com\/webquest\/ejemplos.htm\">http:\/\/www.isabelperez.com\/webquest\/ejemplos.htm<\/a><\/span><\/li><li><span class=\"has-inline-color has-black-color\">Qu\u00e9 es una Webquest &#8211; Isabel Perez&nbsp;<a href=\"http:\/\/www.isabelperez.com\/webquest\/taller\/qwebquest2.htm\">http:\/\/www.isabelperez.com\/webquest\/<\/a><\/span><\/li><li><span class=\"has-inline-color has-black-color\">WebQuest \u201cEntre comics. Historieta: imagen y narraci\u00f3n\u201d Recursos- Informaci\u00f3n sobre historietas, narraci\u00f3n y comics:&nbsp;<\/span><br><span class=\"has-inline-color has-black-color\"><a rel=\"noreferrer noopener\" href=\"http:\/\/www.historieteca.com.ar\/historia.htm\" target=\"_blank\">http:\/\/www.historieteca.com.ar\/historia.htm<\/a>&nbsp;<\/span><br><span class=\"has-inline-color has-black-color\"><a rel=\"noreferrer noopener\" href=\"http:\/\/www.slideshare.net\/guest658367\/historieta-4161877\" target=\"_blank\">http:\/\/www.slideshare.net\/guest658367\/historieta-4161877<\/a><\/span><br><span class=\"has-inline-color has-black-color\"><a rel=\"noreferrer noopener\" href=\"https:\/\/www.tebeosfera.com\/\" target=\"_blank\">https:\/\/www.tebeosfera.com\/<\/a><br>&#8211; Historia del c\u00f3mic:&nbsp;<\/span><br><span class=\"has-inline-color has-black-color\"><a rel=\"noreferrer noopener\" href=\"http:\/\/www.homines.com\/comic\/comic_01\/index.htm\" target=\"_blank\">http:\/\/www.homines.com\/comic\/comic_01\/index.htm&nbsp;<\/a><a rel=\"noreferrer noopener\" href=\"http:\/\/www.uclm.es\/profesorado\/ricardo\/COMIC2.html#Introducci%C3%83%C2%B3n\" target=\"_blank\">http:\/\/www.uclm.es\/profesorado\/ricardo\/COMIC2.html#Introducci\u00c3\u00b3n<\/a><br>&#8211; Videos Inodoro Pereyra:&nbsp;<\/span><br><span class=\"has-inline-color has-black-color\"><a rel=\"noreferrer noopener\" href=\"http:\/\/www.youtube.com\/watch?v=defRcgUh9U4\" target=\"_blank\">http:\/\/www.youtube.com\/watch?v=defRcgUh9U4<\/a>&nbsp;<\/span><br><span class=\"has-inline-color has-black-color\"><a rel=\"noreferrer noopener\" href=\"http:\/\/www.youtube.com\/watch?v=zZ5jPv8SjFg\" target=\"_blank\">http:\/\/www.youtube.com\/watch?v=zZ5jPv8SjFg<\/a>&nbsp;<\/span><br><span class=\"has-inline-color has-black-color\"><a rel=\"noreferrer noopener\" href=\"http:\/\/www.youtube.com\/watch?v=WTqXOzROfoQ\" target=\"_blank\">http:\/\/www.youtube.com\/watch?v=WTqXOzROfoQ<br><\/a>\u2013 Sitios con informaci\u00f3n sobre historietas, narraci\u00f3n y comics:&nbsp;<\/span><br><span class=\"has-inline-color has-black-color\"><a rel=\"noreferrer noopener\" href=\"http:\/\/es.wikipedia.org\/wiki\/Categor%C3%ADa:Historietistas_de_Argentina\" target=\"_blank\">http:\/\/es.wikipedia.org\/wiki\/Categor%C3%ADa:Historietistas_de_Argentina<\/a>&nbsp;<\/span><br><span class=\"has-inline-color has-black-color\"><a rel=\"noreferrer noopener\" href=\"http:\/\/guiadelcomic.com\/\" target=\"_blank\">http:\/\/guiadelcomic.com\/<\/a>&nbsp;<\/span><br><span class=\"has-inline-color has-black-color\"><a rel=\"noreferrer noopener\" href=\"http:\/\/www.scribd.com\/doc\/2924277\/El-Comic\" target=\"_blank\">http:\/\/www.scribd.com\/doc\/2924277\/El-Comic<\/a><\/span><br>&#8211; <span class=\"has-inline-color has-black-color\">Manuales y tutoriales:&nbsp;<\/span><br><span class=\"has-inline-color has-black-color\"><a rel=\"noreferrer noopener\" href=\"http:\/\/manualdelahistorieta.com\/\" target=\"_blank\">http:\/\/manualdelahistorieta.com\/<\/a>&nbsp;<\/span><br><span class=\"has-inline-color has-black-color\"><a rel=\"noreferrer noopener\" href=\"http:\/\/www.eduteka.org\/BlogsBlogger.php\" target=\"_blank\">http:\/\/www.eduteka.org\/BlogsBlogger.php<\/a>&nbsp;<\/span><br><span class=\"has-inline-color has-black-color\"><a rel=\"noreferrer noopener\" href=\"http:\/\/www.slideshare.net\/feditic\/tutorial-blogger-11432760\" target=\"_blank\">http:\/\/www.slideshare.net\/feditic\/tutorial-blogger-11432760<\/a><br>&#8211; Creaci\u00f3n de blogs:&nbsp;<\/span><br><span class=\"has-inline-color has-black-color\"><a rel=\"noreferrer noopener\" href=\"https:\/\/www.blogger.com\/start\" target=\"_blank\">https:\/\/www.blogger.com\/start<\/a><\/span><\/li><li><span class=\"has-inline-color has-black-color\">MiniQuest \u00abAlbert Einstei\u00bb<a href=\"http:\/\/www.ceiploreto.es\/sugerencias\/sanwalabonso\/mq_einstein\/einstein.html\">&nbsp;http:\/\/www.ceiploreto.es\/sugerencias\/sanwalabonso\/mq_einstein\/einstein.html<\/a><\/span><\/li><li><span class=\"has-inline-color has-black-color\">\u00abLa vuelta al mundo en 80 minutos\u00bb, Jordi Vivancos Mart\u00ed\u00ad&nbsp;<a rel=\"noreferrer noopener\" href=\"http:\/\/www.xtec.es\/~jvivanco\/80minuts\/80minutos.htm\" target=\"_blank\">http:\/\/www.xtec.es\/~jvivanco\/80minuts\/80minutos.htm<\/a><\/span><\/li><li><span class=\"has-inline-color has-black-color\">Google Earth \u2013&nbsp;<a rel=\"noreferrer noopener\" href=\"http:\/\/earth.google.com\/intl\/es\/\" target=\"_blank\">http:\/\/earth.google.com\/intl\/es\/<\/a><\/span><\/li><li><span class=\"has-inline-color has-black-color\">\u00abDarwin Earthquest\u00bb \u2013&nbsp;<a href=\"http:\/\/earthquestdarwin.fundacioitinerarium.org\/cas\/\">http:\/\/earthquestdarwin.fundacioitinerarium.org\/cas\/<\/a><\/span><\/li><li><span class=\"has-inline-color has-black-color\">La Gesta de Asdiwal&nbsp;&nbsp;<a rel=\"noreferrer noopener\" href=\"http:\/\/wajibu.blogspot.com\/\" target=\"_blank\">http:\/\/wajibu.blogspot.com\/<\/a><\/span><\/li><li><span class=\"has-inline-color has-black-color\">Aventura Did\u00e1ctica Digital (AvD) \u2013 M. Nieves Carralero Colmenar \u2013 Revista Quaderns digital.net.&nbsp;<\/span><br><a href=\"http:\/\/www.sociedadelainformacion.com\/29\/alimentacion.pdf\">http:\/\/www.sociedadelainformacion.com\/29\/alimentacion.pdf<\/a><\/li><li><span class=\"has-inline-color has-black-color\">\u00abEl Otro\u00bb-&nbsp;<a href=\"http:\/\/aventuradidacticaelotro.weebly.com\/\">http:\/\/aventuradidacticaelotro.weebly.com<\/a><br>AvD Costumbres alimenticias &#8211;<a href=\"http:\/\/costumbresalimenticias.weebly.com\/\">http:\/\/costumbresalimenticias.weebly.com\/<\/a><\/span><br><span class=\"has-inline-color has-black-color\">Aventuras Did\u00e1cticas \u2013&nbsp;<a rel=\"noreferrer noopener\" href=\"http:\/\/goo.gl\/kefUd\" target=\"_blank\">http:\/\/goo.gl\/kefUd<\/a><\/span><\/li><\/ol>\n\n\n\n<p> <br><\/p>\n\n\n\n<figure class=\"wp-block-image size-large is-resized\"><a href=\"https:\/\/e-ducadores.net\/epcontic\/\"><img loading=\"lazy\" decoding=\"async\" src=\"https:\/\/e-ducadores.net\/epcontic\/wp-content\/uploads\/2021\/06\/crossroads5.png\" alt=\"\" class=\"wp-image-61\" width=\"93\" height=\"93\"\/><\/a><figcaption>Regresar al inicio<\/figcaption><\/figure>\n\n\n\n<p><\/p>\n<div class=\"pvc_clear\"><\/div><p class=\"pvc_stats all \" data-element-id=\"80\" style=\"\"><i class=\"pvc-stats-icon medium\" aria-hidden=\"true\"><svg aria-hidden=\"true\" focusable=\"false\" data-prefix=\"far\" data-icon=\"chart-bar\" role=\"img\" xmlns=\"http:\/\/www.w3.org\/2000\/svg\" viewBox=\"0 0 512 512\" class=\"svg-inline--fa fa-chart-bar fa-w-16 fa-2x\"><path fill=\"currentColor\" d=\"M396.8 352h22.4c6.4 0 12.8-6.4 12.8-12.8V108.8c0-6.4-6.4-12.8-12.8-12.8h-22.4c-6.4 0-12.8 6.4-12.8 12.8v230.4c0 6.4 6.4 12.8 12.8 12.8zm-192 0h22.4c6.4 0 12.8-6.4 12.8-12.8V140.8c0-6.4-6.4-12.8-12.8-12.8h-22.4c-6.4 0-12.8 6.4-12.8 12.8v198.4c0 6.4 6.4 12.8 12.8 12.8zm96 0h22.4c6.4 0 12.8-6.4 12.8-12.8V204.8c0-6.4-6.4-12.8-12.8-12.8h-22.4c-6.4 0-12.8 6.4-12.8 12.8v134.4c0 6.4 6.4 12.8 12.8 12.8zM496 400H48V80c0-8.84-7.16-16-16-16H16C7.16 64 0 71.16 0 80v336c0 17.67 14.33 32 32 32h464c8.84 0 16-7.16 16-16v-16c0-8.84-7.16-16-16-16zm-387.2-48h22.4c6.4 0 12.8-6.4 12.8-12.8v-70.4c0-6.4-6.4-12.8-12.8-12.8h-22.4c-6.4 0-12.8 6.4-12.8 12.8v70.4c0 6.4 6.4 12.8 12.8 12.8z\" class=\"\"><\/path><\/svg><\/i> &nbsp;1,313&nbsp;total views, &nbsp;3&nbsp;views today<\/p><div class=\"pvc_clear\"><\/div>","protected":false},"excerpt":{"rendered":"<p>Guiando la investigaci\u00f3n de nuestros alumnos (Actualizado 06\/21) Algunos conceptos desarrollados: \u201cComo ya hemos descubierto, Internet es un excelente recurso did\u00e1ctico y su potencial se puede utilizar dentro y fuera del aula. Pero navegar por la Red, en el plano educativo, debe constituirse, para nuestros estudiantes, en un proceso de b\u00fasqueda de informaci\u00f3n valiosa y <a class=\"read-more\" href=\"https:\/\/e-ducadores.net\/epcontic\/capitulo-3\/\">Read More<\/a><\/p>\n<div class=\"pvc_clear\"><\/div>\n<p class=\"pvc_stats all \" data-element-id=\"80\" style=\"\"><i class=\"pvc-stats-icon medium\" aria-hidden=\"true\"><svg aria-hidden=\"true\" focusable=\"false\" data-prefix=\"far\" data-icon=\"chart-bar\" role=\"img\" xmlns=\"http:\/\/www.w3.org\/2000\/svg\" viewBox=\"0 0 512 512\" class=\"svg-inline--fa fa-chart-bar fa-w-16 fa-2x\"><path fill=\"currentColor\" d=\"M396.8 352h22.4c6.4 0 12.8-6.4 12.8-12.8V108.8c0-6.4-6.4-12.8-12.8-12.8h-22.4c-6.4 0-12.8 6.4-12.8 12.8v230.4c0 6.4 6.4 12.8 12.8 12.8zm-192 0h22.4c6.4 0 12.8-6.4 12.8-12.8V140.8c0-6.4-6.4-12.8-12.8-12.8h-22.4c-6.4 0-12.8 6.4-12.8 12.8v198.4c0 6.4 6.4 12.8 12.8 12.8zm96 0h22.4c6.4 0 12.8-6.4 12.8-12.8V204.8c0-6.4-6.4-12.8-12.8-12.8h-22.4c-6.4 0-12.8 6.4-12.8 12.8v134.4c0 6.4 6.4 12.8 12.8 12.8zM496 400H48V80c0-8.84-7.16-16-16-16H16C7.16 64 0 71.16 0 80v336c0 17.67 14.33 32 32 32h464c8.84 0 16-7.16 16-16v-16c0-8.84-7.16-16-16-16zm-387.2-48h22.4c6.4 0 12.8-6.4 12.8-12.8v-70.4c0-6.4-6.4-12.8-12.8-12.8h-22.4c-6.4 0-12.8 6.4-12.8 12.8v70.4c0 6.4 6.4 12.8 12.8 12.8z\" class=\"\"><\/path><\/svg><\/i> &nbsp;1,313&nbsp;total views, &nbsp;3&nbsp;views today<\/p>\n<div class=\"pvc_clear\"><\/div>\n","protected":false},"author":1,"featured_media":0,"parent":0,"menu_order":0,"comment_status":"closed","ping_status":"closed","template":"","meta":{"footnotes":""},"class_list":["post-80","page","type-page","status-publish","hentry"],"_links":{"self":[{"href":"https:\/\/e-ducadores.net\/epcontic\/wp-json\/wp\/v2\/pages\/80","targetHints":{"allow":["GET"]}}],"collection":[{"href":"https:\/\/e-ducadores.net\/epcontic\/wp-json\/wp\/v2\/pages"}],"about":[{"href":"https:\/\/e-ducadores.net\/epcontic\/wp-json\/wp\/v2\/types\/page"}],"author":[{"embeddable":true,"href":"https:\/\/e-ducadores.net\/epcontic\/wp-json\/wp\/v2\/users\/1"}],"replies":[{"embeddable":true,"href":"https:\/\/e-ducadores.net\/epcontic\/wp-json\/wp\/v2\/comments?post=80"}],"version-history":[{"count":9,"href":"https:\/\/e-ducadores.net\/epcontic\/wp-json\/wp\/v2\/pages\/80\/revisions"}],"predecessor-version":[{"id":137,"href":"https:\/\/e-ducadores.net\/epcontic\/wp-json\/wp\/v2\/pages\/80\/revisions\/137"}],"wp:attachment":[{"href":"https:\/\/e-ducadores.net\/epcontic\/wp-json\/wp\/v2\/media?parent=80"}],"curies":[{"name":"wp","href":"https:\/\/api.w.org\/{rel}","templated":true}]}}