{"id":97,"date":"2021-06-26T20:00:34","date_gmt":"2021-06-26T20:00:34","guid":{"rendered":"https:\/\/e-ducadores.net\/epcontic\/?page_id=97"},"modified":"2021-06-27T00:54:14","modified_gmt":"2021-06-27T00:54:14","slug":"capitulo-5","status":"publish","type":"page","link":"https:\/\/e-ducadores.net\/epcontic\/capitulo-5\/","title":{"rendered":"Cap\u00edtulo 5"},"content":{"rendered":"\n<h3 class=\"wp-block-heading\"><em><strong>Recorriendo el mundo<\/strong><\/em> <em><strong>(Actualizado 06\/21)<\/strong><\/em><\/h3>\n\n\n\n<h4 class=\"wp-block-heading\"><strong>Algunos conceptos desarrollados:<\/strong><\/h4>\n\n\n\n<p>\u00abEl concepto de aldea global planteado por Marshall McLuhan&nbsp; se convirti\u00f3 en realidad, en parte por el desarrollo de los medios de comunicaci\u00f3n y el fen\u00f3meno de la globalizaci\u00f3n.<br>Los problemas propios de un mundo globalizado demandan con urgencia que las personas aprendan a manejar informaci\u00f3n geogr\u00e1fica cada vez m\u00e1s compleja\u00bb. [&#8230;]<\/p>\n\n\n\n<p>\u00abLos avances de las Tecnolog\u00edas de la Informaci\u00f3n y la Comunicaci\u00f3n han posibilitado responder satisfactoriamente a estas necesidades. Las fotograf\u00edas a\u00e9reas y satelitales, los Sistemas de Informaci\u00f3n Geogr\u00e1fica (SIG) e Internet lo han hecho posible\u00bb. [&#8230;]<\/p>\n\n\n\n<div class=\"wp-block-image\"><figure class=\"aligncenter size-large is-resized\"><img loading=\"lazy\" decoding=\"async\" src=\"https:\/\/e-ducadores.net\/epcontic\/wp-content\/uploads\/2021\/06\/world-11047_640.jpg\" alt=\"\" class=\"wp-image-98\" width=\"640\" height=\"320\" srcset=\"https:\/\/e-ducadores.net\/epcontic\/wp-content\/uploads\/2021\/06\/world-11047_640.jpg 640w, https:\/\/e-ducadores.net\/epcontic\/wp-content\/uploads\/2021\/06\/world-11047_640-300x150.jpg 300w\" sizes=\"auto, (max-width: 640px) 100vw, 640px\" \/><figcaption>Imagen de&nbsp;<a href=\"https:\/\/pixabay.com\/es\/users\/wikiimages-1897\/?utm_source=link-attribution&amp;utm_medium=referral&amp;utm_campaign=image&amp;utm_content=11047\">WikiImages<\/a>&nbsp;en&nbsp;<a href=\"https:\/\/pixabay.com\/es\/?utm_source=link-attribution&amp;utm_medium=referral&amp;utm_campaign=image&amp;utm_content=11047\">Pixabay<\/a><\/figcaption><\/figure><\/div>\n\n\n\n<p>\u00abLa inclusi\u00f3n de la tecnolog\u00eda satelital en las pr\u00e1cticas pedag\u00f3gicas puede&nbsp; considerarse como una herramienta para mejorar la ense\u00f1anza, enriqueciendo las propuestas \u00e1ulicas habituales y promoviendo el aprendizaje significativo de ciertos contenidos al relacionarlos con avances cient\u00edficos y tecnol\u00f3gicos generados, en algunos casos, en el propio pa\u00eds de origen de los estudiantes\u00bb. [&#8230;]<\/p>\n\n\n\n<p>\u00abNuestros estudiantes deben aprender a manejar mapas din\u00e1micos y a construir y utilizar estos&nbsp; Sistemas de Informaci\u00f3n Geogr\u00e1fica, que les permitir\u00e1n aprender y resolver situaciones problem\u00e1ticas, en las que deban relacionar&nbsp; diferentes tipos de informaci\u00f3n asociada a un \u00e1rea o a una determinada zona geogr\u00e1fica\u00bb. [&#8230;]<\/p>\n\n\n\n<p>\u00abSi bien Google Earth no puede ser considerado un atlas, comparte con ellos la utilidad de acercar la cartograf\u00eda&nbsp; a la sociedad de una manera sencilla y sobre todo amigable. En parte es por ello, que ha ingresado en la exclusiva sala de la fama de las aplicaciones de Internet que han superado el bill\u00f3n de descargas en todo el mundo.<br>Uno de sus logros ha sido ofrecer una nueva visi\u00f3n de la Tierra que ha permitido a la sociedad redescubrir la Geograf\u00eda.<\/p>\n\n\n\n<p>De sus tres versiones, la gratuita, es sin lugar a dudas una muy buena opci\u00f3n para desarrollar actividades pedag\u00f3gicas interesantes, din\u00e1micas, motivadoras&nbsp; y divertidas\u00bb. [&#8230;]<\/p>\n\n\n\n<p>\u00abOtra de las bondades de Google Maps radica en permitir la construcci\u00f3n colectiva de conocimiento a trav\u00e9s de mapas personalizados. Esto significa que diferentes usuarios pueden participar en la edici\u00f3n de un mismo mapa aportando diferentes elementos y enriqueci\u00e9ndolo con sus aportes\u00bb. [&#8230;]<\/p>\n\n\n\n<p>\u00abSon numerosas las aplicaciones online que ofrecen diversas posibilidades pedag\u00f3gicas a trav\u00e9s de esta tecnolog\u00eda. Entre ellas&#8230;\u00bb [&#8230;]<\/p>\n\n\n\n<p>\u00abLos Viajes Virtuales&nbsp; son actividades que permiten a los estudiantes visitar, por Internet, lugares interesantes de cualquier lugar del mundo para aprender sobre estos, como si realmente estuvieran all\u00ed.<br>Para una propuesta pedag\u00f3gica de estas caracter\u00edsticas resulte exitosa, requiere de una buena planificaci\u00f3n por parte del docente\u00bb. [&#8230;]<\/p>\n\n\n\n<p>\u00abTour por el Mundo es un proyecto educativo en el que participan escuelas de diferentes regiones geogr\u00e1ficas. En \u00e9l se propicia el intercambio de conocimientos sobre nuestro planeta y el fomento del turismo en el lugar de origen de los estudiantes\u00bb. [&#8230;]<\/p>\n\n\n\n<p>\u00abEn su edici\u00f3n 2012, la d\u00e9cima, se han incluido numerosas actividades que incluyen herramientas de geolocalizaci\u00f3n y que proponen la creaci\u00f3n de recorridos virtuales geogr\u00e1ficos, hist\u00f3ricos, o que muestren las formas de vida y costumbres de las sociedades que habitan las diferentes regiones del mundo\u00bb. [&#8230;]<\/p>\n\n\n\n<p>\u00abCelebraciones: para compartir en la Red<br>Un proyecto que busca revalorizar las celebraciones, descubrir sus ra\u00edces y relevancias culturales\u00bb. [&#8230;]<br><a href=\"http:\/\/proyectocelebraciones.blogspot.com.ar\/\" target=\"_blank\" rel=\"noreferrer noopener\">http:\/\/proyectocelebraciones.blogspot.com.ar\/<\/a><\/p>\n\n\n\n<p>\u00abEste tipo de herramientas de posicionamiento global permiten la creaci\u00f3n de actividades educativas l\u00fadicas para conocer el mundo\u00bb. [&#8230;]<\/p>\n\n\n\n<h4 class=\"wp-block-heading\"><strong>Links y fuentes bibliogr\u00e1ficas de este cap\u00edtulo:<\/strong><\/h4>\n\n\n\n<ol class=\"wp-block-list\"><li>\u201cLa Construcci\u00f3n del Significado en la Aldea Global de Marshall McLuhan\u201d &#8211; Antonio Berthier<\/li><li>Google Earth en Clase de Geograf\u00eda\u201d \u2013 EDUTEKA &#8211;&nbsp;<a rel=\"noreferrer noopener\" href=\"http:\/\/www.eduteka.org\/GoogleEarth.php\" target=\"_blank\">http:\/\/www.eduteka.org\/GoogleEarth.php<\/a><\/li><li>Los Sistemas de Informaci\u00f3n Geogr\u00e1fica (SIG) en la Educaci\u00f3n Escolar del Siglo XXI\u00bb \u2013 EDUTEKA &#8211;&nbsp;<a rel=\"noreferrer noopener\" href=\"http:\/\/www.eduteka.org\/SIG1.php\" target=\"_blank\">http:\/\/www.eduteka.org\/SIG1.php<\/a><\/li><li>Los Sistemas de Informaci\u00f3n&nbsp; Geogr\u00e1fica<br><a href=\"https:\/\/goo.gl\/Xt4FMm\">https:\/\/goo.gl\/Xt4FMm<\/a><\/li><li>MapMaker Popular (CIAT) &#8211;&nbsp;<a href=\"https:\/\/cgspace.cgiar.org\/handle\/10568\/54432\">https:\/\/cgspace.cgiar.org\/handle\/10568\/54432<\/a><\/li><li><a rel=\"noreferrer noopener\" href=\"http:\/\/www.eduteka.org\/SIG3.php\" target=\"_blank\">http:\/\/www.eduteka.org\/SIG3.php<\/a><\/li><li>Google Earth 6 &#8211;&nbsp;<a rel=\"noreferrer noopener\" href=\"http:\/\/earth.google.com\/\" target=\"_blank\">http:\/\/earth.google.com\/<\/a><\/li><li><a href=\"https:\/\/www.google.com\/streetview\/\">https:\/\/www.google.com\/streetview\/<\/a><\/li><li>Street View&nbsp;&nbsp;<a rel=\"noreferrer noopener\" href=\"http:\/\/www.google.com\/intl\/es\/earth\/learn\/beginner.html\" target=\"_blank\">http:\/\/www.google.com\/intl\/es\/earth\/learn\/beginner.html<\/a><\/li><li>Where is Street View available?<br><a rel=\"noreferrer noopener\" href=\"http:\/\/maps.google.com\/intl\/en\/help\/maps\/streetview\/learn\/where-is-street-view.html\" target=\"_blank\">http:\/\/maps.google.com\/intl\/en\/help\/maps\/streetview\/learn\/where-is-street-view.html<\/a><\/li><li>Seven continents of street view<br><a rel=\"noreferrer noopener\" href=\"http:\/\/maps.google.com\/intl\/en\/help\/maps\/streetview\/gallery.html#seven-continents-of-street-view\" target=\"_blank\">http:\/\/maps.google.com\/intl\/en\/help\/maps\/streetview\/gallery.html#seven-continents-of-street-view<\/a><\/li><li>Lista de lugares hist\u00f3ricos, Patrimonio Mundial de la Humanidad &#8211; Unessco.&nbsp;<a rel=\"noreferrer noopener\" href=\"http:\/\/maps.google.com\/intl\/en\/help\/maps\/streetview\/gallery.html#unesco-world-heritage\" target=\"_blank\">http:\/\/maps.google.com\/intl\/en\/help\/maps\/streetview\/gallery.html#unesco-world-heritage<\/a><\/li><li>Antigua Roma en 3D &#8211;&nbsp;<a href=\"https:\/\/www.youtube.com\/watch?v=gwuHiu3wmUA\">https:\/\/www.youtube.com\/watch?v=gwuHiu3wmUA<\/a><\/li><li>Galer\u00eda Google Earth &#8211;&nbsp;<a href=\"https:\/\/google.com\/intl\/es\/streetvi0\">https:\/\/google.com\/intl\/es\/streetvi0<\/a><\/li><li>Mundos distantes &#8211;&nbsp;<a rel=\"noreferrer noopener\" href=\"http:\/\/aporcel.wordpress.com\/2009\/04\/11\/618\/\" target=\"_blank\">http:\/\/aporcel.wordpress.com\/2009\/04\/11\/618\/<\/a><\/li><li>Observatorio Pic du Midi \u2013 Google Earth- URL acortada:&nbsp;<a rel=\"noreferrer noopener\" href=\"http:\/\/goo.gl\/78C5C\" target=\"_blank\">http:\/\/goo.gl\/78C5C<\/a><\/li><li>Observatorio Pic du Midi \u2013 Google Earth- URL acortada:&nbsp;<a rel=\"noreferrer noopener\" href=\"http:\/\/goo.gl\/78C5C\" target=\"_blank\">http:\/\/goo.gl\/78C5C<\/a><\/li><li>GE Teach \u2013&nbsp;<a rel=\"noreferrer noopener\" href=\"http:\/\/www.geteach.com\/\" target=\"_blank\">http:\/\/www.geteach.com<\/a><\/li><li>One day in Earth &#8211;&nbsp;<a rel=\"noreferrer noopener\" href=\"http:\/\/www.onedayonearth.org\/\" target=\"_blank\">http:\/\/www.onedayonearth.org\/<\/a><br>Presentaci\u00f3n del proyecto en&nbsp;<a rel=\"noreferrer noopener\" href=\"http:\/\/vimeo.com\/15383279\" target=\"_blank\">http:\/\/vimeo.com\/15383279<\/a><\/li><li>Matem\u00e1tica Satelital &#8211;&nbsp;<a href=\"https:\/\/goo.gl\/3sTv9e\">https:\/\/goo.gl\/3sTv9e<\/a><\/li><li>YouTube &#8211;&nbsp;<a rel=\"noreferrer noopener\" href=\"http:\/\/www.youtube.com\/\" target=\"_blank\">http:\/\/www.youtube.com<\/a><\/li><li>Panoramio &#8211;&nbsp;Lamentablemente este excelente recurso ya no se encuentra disponible.<\/li><li>Tanzania &#8211;&nbsp;<a rel=\"noreferrer noopener\" href=\"http:\/\/www.tagzania.com\/\" target=\"_blank\">http:\/\/www.tagzania.com\/<\/a><\/li><li>Wikiloc \u2013&nbsp;<a rel=\"noreferrer noopener\" href=\"http:\/\/es.wikiloc.com\/\" target=\"_blank\">http:\/\/es.wikiloc.com<\/a><\/li><li>Tripline &#8211;&nbsp;<a rel=\"noreferrer noopener\" href=\"http:\/\/www.tripline.net\/\" target=\"_blank\">http:\/\/www.tripline.net<\/a><\/li><li>Actividades para realizar viajes virtuales o viajes-v en el aula de clase &#8211; Eduteka &#8211; <a href=\"http:\/\/www.eduteka.org\/ViajesVirtuales2.php\">http:\/\/www.eduteka.org\/ViajesVirtuales2.php<\/a><\/li><li>Proyecto Tour por el Mundo &#8211;&nbsp;<a rel=\"noreferrer noopener\" href=\"http:\/\/www.tourporelmundo.blogspot.com.ar\/p\/bajo-el-lema-esta-es-mi-tierra-llena-de.html\" target=\"_blank\">http:\/\/www.tourporelmundo.blogspot.com.ar\/p\/bajo-el-lema-esta-es-mi-tierra-llena-de.html<\/a><br>Proyecto \u00abCelebraciones\u00bb &#8211;&nbsp;<a rel=\"noreferrer noopener\" href=\"http:\/\/proyectocelebraciones.blogspot.com.ar\/\" target=\"_blank\">http:\/\/proyectocelebraciones.blogspot.com.ar\/<\/a><\/li><li>S*Ingenio Blog &#8211;&nbsp;<a rel=\"noreferrer noopener\" href=\"http:\/\/www.blog.singenio.com\/\" target=\"_blank\">http:\/\/www.blog.singenio.com\/<\/a><\/li><li>PlaceSpotting &#8211;&nbsp;Lamentablemente este excelente recurso ya no est\u00e1 vigente.<\/li><\/ol>\n\n\n\n<p><br><\/p>\n\n\n\n<figure class=\"wp-block-image size-large is-resized\"><a href=\"https:\/\/e-ducadores.net\/epcontic\/\"><img loading=\"lazy\" decoding=\"async\" src=\"https:\/\/e-ducadores.net\/epcontic\/wp-content\/uploads\/2021\/06\/crossroads5.png\" alt=\"\" class=\"wp-image-61\" width=\"93\" height=\"93\"\/><\/a><figcaption>Regresar al inicio<\/figcaption><\/figure>\n<div class=\"pvc_clear\"><\/div><p class=\"pvc_stats all \" data-element-id=\"97\" style=\"\"><i class=\"pvc-stats-icon medium\" aria-hidden=\"true\"><svg aria-hidden=\"true\" focusable=\"false\" data-prefix=\"far\" data-icon=\"chart-bar\" role=\"img\" xmlns=\"http:\/\/www.w3.org\/2000\/svg\" viewBox=\"0 0 512 512\" class=\"svg-inline--fa fa-chart-bar fa-w-16 fa-2x\"><path fill=\"currentColor\" d=\"M396.8 352h22.4c6.4 0 12.8-6.4 12.8-12.8V108.8c0-6.4-6.4-12.8-12.8-12.8h-22.4c-6.4 0-12.8 6.4-12.8 12.8v230.4c0 6.4 6.4 12.8 12.8 12.8zm-192 0h22.4c6.4 0 12.8-6.4 12.8-12.8V140.8c0-6.4-6.4-12.8-12.8-12.8h-22.4c-6.4 0-12.8 6.4-12.8 12.8v198.4c0 6.4 6.4 12.8 12.8 12.8zm96 0h22.4c6.4 0 12.8-6.4 12.8-12.8V204.8c0-6.4-6.4-12.8-12.8-12.8h-22.4c-6.4 0-12.8 6.4-12.8 12.8v134.4c0 6.4 6.4 12.8 12.8 12.8zM496 400H48V80c0-8.84-7.16-16-16-16H16C7.16 64 0 71.16 0 80v336c0 17.67 14.33 32 32 32h464c8.84 0 16-7.16 16-16v-16c0-8.84-7.16-16-16-16zm-387.2-48h22.4c6.4 0 12.8-6.4 12.8-12.8v-70.4c0-6.4-6.4-12.8-12.8-12.8h-22.4c-6.4 0-12.8 6.4-12.8 12.8v70.4c0 6.4 6.4 12.8 12.8 12.8z\" class=\"\"><\/path><\/svg><\/i> &nbsp;1,157&nbsp;total views, &nbsp;3&nbsp;views today<\/p><div class=\"pvc_clear\"><\/div>","protected":false},"excerpt":{"rendered":"<p>Recorriendo el mundo (Actualizado 06\/21) Algunos conceptos desarrollados: \u00abEl concepto de aldea global planteado por Marshall McLuhan&nbsp; se convirti\u00f3 en realidad, en parte por el desarrollo de los medios de comunicaci\u00f3n y el fen\u00f3meno de la globalizaci\u00f3n.Los problemas propios de un mundo globalizado demandan con urgencia que las personas aprendan a manejar informaci\u00f3n geogr\u00e1fica cada <a class=\"read-more\" href=\"https:\/\/e-ducadores.net\/epcontic\/capitulo-5\/\">Read More<\/a><\/p>\n<div class=\"pvc_clear\"><\/div>\n<p class=\"pvc_stats all \" data-element-id=\"97\" style=\"\"><i class=\"pvc-stats-icon medium\" aria-hidden=\"true\"><svg aria-hidden=\"true\" focusable=\"false\" data-prefix=\"far\" data-icon=\"chart-bar\" role=\"img\" xmlns=\"http:\/\/www.w3.org\/2000\/svg\" viewBox=\"0 0 512 512\" class=\"svg-inline--fa fa-chart-bar fa-w-16 fa-2x\"><path fill=\"currentColor\" d=\"M396.8 352h22.4c6.4 0 12.8-6.4 12.8-12.8V108.8c0-6.4-6.4-12.8-12.8-12.8h-22.4c-6.4 0-12.8 6.4-12.8 12.8v230.4c0 6.4 6.4 12.8 12.8 12.8zm-192 0h22.4c6.4 0 12.8-6.4 12.8-12.8V140.8c0-6.4-6.4-12.8-12.8-12.8h-22.4c-6.4 0-12.8 6.4-12.8 12.8v198.4c0 6.4 6.4 12.8 12.8 12.8zm96 0h22.4c6.4 0 12.8-6.4 12.8-12.8V204.8c0-6.4-6.4-12.8-12.8-12.8h-22.4c-6.4 0-12.8 6.4-12.8 12.8v134.4c0 6.4 6.4 12.8 12.8 12.8zM496 400H48V80c0-8.84-7.16-16-16-16H16C7.16 64 0 71.16 0 80v336c0 17.67 14.33 32 32 32h464c8.84 0 16-7.16 16-16v-16c0-8.84-7.16-16-16-16zm-387.2-48h22.4c6.4 0 12.8-6.4 12.8-12.8v-70.4c0-6.4-6.4-12.8-12.8-12.8h-22.4c-6.4 0-12.8 6.4-12.8 12.8v70.4c0 6.4 6.4 12.8 12.8 12.8z\" class=\"\"><\/path><\/svg><\/i> &nbsp;1,157&nbsp;total views, &nbsp;3&nbsp;views today<\/p>\n<div class=\"pvc_clear\"><\/div>\n","protected":false},"author":1,"featured_media":0,"parent":0,"menu_order":0,"comment_status":"closed","ping_status":"closed","template":"","meta":{"footnotes":""},"class_list":["post-97","page","type-page","status-publish","hentry"],"_links":{"self":[{"href":"https:\/\/e-ducadores.net\/epcontic\/wp-json\/wp\/v2\/pages\/97","targetHints":{"allow":["GET"]}}],"collection":[{"href":"https:\/\/e-ducadores.net\/epcontic\/wp-json\/wp\/v2\/pages"}],"about":[{"href":"https:\/\/e-ducadores.net\/epcontic\/wp-json\/wp\/v2\/types\/page"}],"author":[{"embeddable":true,"href":"https:\/\/e-ducadores.net\/epcontic\/wp-json\/wp\/v2\/users\/1"}],"replies":[{"embeddable":true,"href":"https:\/\/e-ducadores.net\/epcontic\/wp-json\/wp\/v2\/comments?post=97"}],"version-history":[{"count":5,"href":"https:\/\/e-ducadores.net\/epcontic\/wp-json\/wp\/v2\/pages\/97\/revisions"}],"predecessor-version":[{"id":139,"href":"https:\/\/e-ducadores.net\/epcontic\/wp-json\/wp\/v2\/pages\/97\/revisions\/139"}],"wp:attachment":[{"href":"https:\/\/e-ducadores.net\/epcontic\/wp-json\/wp\/v2\/media?parent=97"}],"curies":[{"name":"wp","href":"https:\/\/api.w.org\/{rel}","templated":true}]}}