{"id":29,"date":"2022-06-17T16:24:39","date_gmt":"2022-06-17T16:24:39","guid":{"rendered":"https:\/\/e-ducadores.net\/escueladeproyectos\/home\/"},"modified":"2022-09-18T21:29:41","modified_gmt":"2022-09-18T21:29:41","slug":"home","status":"publish","type":"page","link":"https:\/\/e-ducadores.net\/escueladeproyectos\/","title":{"rendered":"Home"},"content":{"rendered":"\n\n\n<h1><font style=\"vertical-align: inherit;\"><font style=\"vertical-align: inherit;\"><strong><font style=\"vertical-align: inherit;\"><font style=\"vertical-align: inherit;\"><span style=\"background-color:#ffff66;\"><\/span><font style=\"vertical-align: inherit;\"><font style=\"vertical-align: inherit; color: rgb(204, 224, 245);\">Lanza tu proyecto educativo al Mundo<\/font><\/font><\/font><\/font><\/strong><\/font><\/font><\/h1>\n<p><br><\/p>\n\n\n\n\n<p><br><\/p>\n\n\n\n\n<p style=\"text-align: center; color: rgb(161, 0, 0);\"><strong style=\"font-size: large;\"><font style=\"vertical-align: inherit;\"><font style=\"vertical-align: inherit;\"><font style=\"vertical-align: inherit;\"><font style=\"vertical-align: inherit;\">Transforma una idea poderosa en un proyecto educativo inolvidable.<\/font><\/font><\/font><\/font><\/strong><\/p>\n<p><br><\/p>\n\n\n\n\n\n\n\n\n\n<p style=\"text-align: center;\"><font style=\"vertical-align: inherit;\"><font style=\"vertical-align: inherit;\"><strong style=\"color: rgb(0, 41, 102); font-size: large;\"><font style=\"vertical-align: inherit;\"><font style=\"vertical-align: inherit;\">Conoce el Desaf\u00edo&#8230; PARTICIPA!!!!!!<\/font><\/font><\/strong><\/font><\/font><\/p>\n\n\n\n\n<h2><font style=\"vertical-align: inherit;\"><font style=\"vertical-align: inherit;\"><font style=\"vertical-align: inherit;\"><font style=\"vertical-align: inherit;\"><font style=\"vertical-align: inherit;\"><font style=\"vertical-align: inherit;\"><font style=\"vertical-align: inherit;\"><font style=\"vertical-align: inherit;\"><font style=\"vertical-align: inherit;\"><font style=\"vertical-align: inherit;\">BOOTCAMP ONLINE <\/font><\/font><\/font><\/font><br><font style=\"vertical-align: inherit;\"><font style=\"vertical-align: inherit;\"><font style=\"vertical-align: inherit;\"><font style=\"vertical-align: inherit;\">GRATUITO&nbsp;<\/font><\/font><\/font><\/font><\/font><\/font><br><\/font><\/font><\/font><\/font><\/h2>\n\n\n\n\n<p style=\"text-align: center;\"><span style=\"font-weight: 700; text-align: center;\"><font style=\"vertical-align: inherit;\"><font style=\"vertical-align: inherit; font-size: large; color: rgb(61, 20, 102);\"><font style=\"vertical-align: inherit;\"><font style=\"vertical-align: inherit;\"><font style=\"vertical-align: inherit;\"><font style=\"vertical-align: inherit;\"><font style=\"vertical-align: inherit;\"><font style=\"vertical-align: inherit;\">\u00bfEs posible transformar una idea poderosa <\/font><\/font><\/font><\/font><\/font><\/font><br><font style=\"vertical-align: inherit;\"><font style=\"vertical-align: inherit;\"><font style=\"vertical-align: inherit;\"><font style=\"vertical-align: inherit;\"><font style=\"vertical-align: inherit;\"><font style=\"vertical-align: inherit;\">en un proyecto inolvidable?<\/font><\/font><\/font><\/font><\/font><\/font><\/font><\/font><\/span><\/p>\n<p style=\"text-align: center;\"><p\u00a0style=\"text-align: center;\"=\"\"><strong><span style=\"font-size: medium; color: rgb(161, 0, 0);\"><font style=\"vertical-align: inherit;\"><font style=\"vertical-align: inherit;\">\u00a1\u00a1\u00a1\u00a1SI!!!! <\/font><font style=\"vertical-align: inherit;\">TE LO VAMOS A DEMOSTRAR<\/font><\/font><\/span><\/strong><\/p\u00a0style=\"text-align:><\/p>\n<p>&nbsp; &nbsp;<\/p>\n\n\n\n\n\n\n\n\n\n<font style=\"vertical-align: inherit;\"><font style=\"vertical-align: inherit;\"><strong><font style=\"vertical-align: inherit;\"><font style=\"vertical-align: inherit;\">5 d\u00edas de <\/font><\/font><\/strong><strong><font style=\"vertical-align: inherit;\"><font style=\"vertical-align: inherit;\">entrenamiento INTENSIVO GRATUITO<\/font><\/font><\/strong><font style=\"vertical-align: inherit;\"><font style=\"vertical-align: inherit;\">.&nbsp;<\/font><\/font><\/font><\/font>\n<font style=\"vertical-align: inherit;\"><font style=\"vertical-align: inherit;\"><font style=\"vertical-align: inherit;\"><font style=\"vertical-align: inherit;\">Para <\/font><\/font><strong><font style=\"vertical-align: inherit;\"><font style=\"vertical-align: inherit;\">educadores<\/font><\/font><\/strong><font style=\"vertical-align: inherit;\"><font style=\"vertical-align: inherit;\"> de todos los niveles y las \u00e1reas educativas, para <\/font><\/font><font style=\"vertical-align: inherit;\"><font style=\"vertical-align: inherit;\"><strong>docentes en formaci\u00f3n, <\/strong>para <strong>emprendedores vinculados a educaci\u00f3n y\/o tecnolog\u00eda.<\/strong><\/font><\/font><\/font><\/font>\n<font style=\"vertical-align: inherit;\"><font style=\"vertical-align: inherit;\"><font style=\"vertical-align: inherit;\"><font style=\"vertical-align: inherit;\">Para ayudarte a <strong>crear tu proyecto distintivo y \u00fanico<\/strong> y, si lo deseas,&nbsp;<\/font><\/font><strong><font style=\"vertical-align: inherit;\"><font style=\"vertical-align: inherit;\">lanzarlo AL MUNDO.<\/font><\/font><\/strong><\/font><\/font>\n<font style=\"vertical-align: inherit;\"><font style=\"vertical-align: inherit;\"><strong>Bootcamp 100% en l\u00ednea.<\/strong><\/font><\/font>\n<strong><font style=\"vertical-align: inherit;\"><font style=\"vertical-align: inherit;\">UNA PROPUESTA PARA APRENDER HACIENDO<\/font><\/font><\/strong><font style=\"vertical-align: inherit;\"><font style=\"vertical-align: inherit;\">.&nbsp;<\/font><\/font>\n\n\n\n\n\n\n\n\n\n\n<h2>\u00bfPara qui\u00e9n es este Bootcamp?<\/h2>\n\n\n\n\n<font style=\"vertical-align: inherit;\"><font style=\"vertical-align: inherit;\"><font style=\"vertical-align: inherit;\"><font style=\"vertical-align: inherit;\">Para educadores comprometidos <br>que desean mejorar <br>sus pr\u00e1cticas.<br><\/font><\/font>&nbsp;&nbsp;<\/font><\/font>\n<font style=\"vertical-align: inherit;\"><font style=\"vertical-align: inherit;\"><font style=\"vertical-align: inherit;\"><font style=\"vertical-align: inherit;\">Para quienes han desarrollado <br>un proyecto pero desean <br>mejorarlo, enriquecerlo.<\/font><\/font><\/font><\/font><div><font style=\"vertical-align: inherit;\"><font style=\"vertical-align: inherit;\"><font style=\"vertical-align: inherit;\"><font style=\"vertical-align: inherit;\">&nbsp;<\/font><\/font><\/font><\/font><\/div>\n\n\n<font style=\"vertical-align: inherit;\"><font style=\"vertical-align: inherit;\"><font style=\"vertical-align: inherit;\"><font style=\"vertical-align: inherit;\"><font style=\"vertical-align: inherit;\"><font style=\"vertical-align: inherit;\">Para&nbsp;<\/font><\/font><\/font><\/font><\/font><\/font><font style=\"vertical-align: inherit;\"><font style=\"vertical-align: inherit;\"> docentes en formaci\u00f3n <br>que desean aprender <br>a formular proyectos.<br>&nbsp;<\/font><\/font>\n<font style=\"vertical-align: inherit;\"><font style=\"vertical-align: inherit;\"><font style=\"vertical-align: inherit;\"><font style=\"vertical-align: inherit;\">Para aquellos educadores <br>que buscan compartir con colegas <br>y aprender en colaboraci\u00f3n.<br>&nbsp;<\/font><\/font><\/font><\/font>\n\n\n<font style=\"vertical-align: inherit;\"><font style=\"vertical-align: inherit;\"><font style=\"vertical-align: inherit;\"><font style=\"vertical-align: inherit;\"><font style=\"vertical-align: inherit;\"><font style=\"vertical-align: inherit;\">Para aquellos emprendedores <br>que tienen una buena idea <\/font><\/font><br><font style=\"vertical-align: inherit;\"><font style=\"vertical-align: inherit;\">vinculada a educaci\u00f3n y\/o tecnolog\u00eda.<\/font><\/font><br>&nbsp;<\/font><\/font><\/font><\/font>\n<font style=\"vertical-align: inherit;\"><font style=\"vertical-align: inherit;\"><font style=\"vertical-align: inherit;\"><font style=\"vertical-align: inherit;\">Para directivos, coaches, <br>trainers y coordinadores <br>educativos.<\/font><\/font><\/font><\/font>\n\n\n\n\n\n\n\n\n\n\n\n\n\n<h2><font style=\"vertical-align: inherit;\"><font style=\"vertical-align: inherit;\"><font style=\"vertical-align: inherit;\"><font style=\"vertical-align: inherit;\"><font style=\"vertical-align: inherit;\"><font style=\"vertical-align: inherit;\"><span style=\"color:#000000;\">\u00bfQu\u00e9 vas a aprender en este entrenamiento gratuito?<\/span> <\/font><\/font><br><font style=\"vertical-align: inherit;\"><font style=\"vertical-align: inherit;\">VAS A DISE\u00d1AR TU PROYECTO DESDE CERO <\/font><\/font><br><font style=\"vertical-align: inherit;\"><font style=\"vertical-align: inherit;\">O <\/font><\/font><br><font style=\"vertical-align: inherit;\"><font style=\"vertical-align: inherit;\">VAS A POTENCIAR UN PROYECTO QUE YA HAS DESARROLLADO.<\/font><\/font><\/font><\/font><\/font><\/font><\/h2>\n<p><br><\/p>\n\n\n\n\n<p style=\"text-align: center;\"><strong><font style=\"vertical-align: inherit;\"><font style=\"vertical-align: inherit; font-size: large;\"><br><a href=\"https:\/\/forms.gle\/xxQpSKLB2gtK7csT8\" style=\"font-size: large;\"><font style=\"vertical-align: inherit;\"><font style=\"vertical-align: inherit;\"><font style=\"vertical-align: inherit;\"><font style=\"vertical-align: inherit;\">FORMULARIO DE INSCRIPCION <\/font><\/font><\/font><\/font><br><font style=\"vertical-align: inherit;\"><font style=\"vertical-align: inherit;\"><font style=\"vertical-align: inherit;\"><font style=\"vertical-align: inherit;\">ENLACE<\/font><\/font><\/font><\/font><\/a><\/font><\/font><\/strong><\/p>\n\n\n\n\n\n\n\n\n\n\n\n<p style=\"text-align: center;\"><font style=\"vertical-align: inherit;\"><font style=\"vertical-align: inherit;\"><strong><em style=\"font-size: medium; color: rgb(161, 0, 0);\">Te acompa\u00f1ar\u00e1n en este recorrido la Profe TINA (<a href=\"http:\/\/cristinavelazquez.blogspot.com\/\">su CV aqu\u00ed<\/a>) <br>junto a un grupo de educadores especialistas en dise\u00f1o de proyectos <br>e integraci\u00f3n de Tecnolog\u00eda a las aulas, de diferentes rincones del mundo&#8230;<\/em><\/strong><\/font><\/font><\/p>\n<p><br><\/p>\n\n\n\n\n\n\n\n\n\n<h2><font style=\"vertical-align: inherit;\"><font style=\"vertical-align: inherit;\"><font style=\"vertical-align: inherit;\"><font style=\"vertical-align: inherit;\">DISFRUTA DEL DIA 1<\/font><\/font><\/font><\/font><\/h2>\n\n\n\n\n\n\n\n\n\n<p>&nbsp;<\/p>\n\n\n\n\n\n\n\n\n\n\n\n\n\n\n<br>\n<p dir=\"ltr\" style=\"line-height: 1.38; text-align: justify; margin-top: 0pt; margin-bottom: 0pt; font-size: medium;\"><span style=\"font-size:11pt;font-family:Arial;color:#000000;background-color:transparent;font-weight:400;font-style:normal;font-variant:normal;text-decoration:none;vertical-align:baseline;white-space:pre;white-space:pre-wrap;\"><font style=\"vertical-align: inherit;\"><font style=\"vertical-align: inherit;\"><font style=\"vertical-align: inherit;\"><font style=\"vertical-align: inherit;\">A trav\u00e9s de una propuesta cuidadosamente planificada <\/font><\/font><\/font><\/font><\/span><font style=\"vertical-align: inherit;\"><span style=\"font-size:11pt;font-family:Arial;color:#000000;background-color:transparent;font-weight:400;font-style:normal;font-variant:normal;text-decoration:none;vertical-align:baseline;white-space:pre;white-space:pre-wrap;\"><font style=\"vertical-align: inherit;\"><font style=\"vertical-align: inherit;\"><font style=\"vertical-align: inherit;\">descubrir\u00e1s paso a paso todo lo que debes hacer <\/font><\/font><\/font><\/span><span style=\"font-size:11pt;font-family:Arial;color:#000000;background-color:transparent;font-weight:400;font-style:normal;font-variant:normal;text-decoration:none;vertical-align:baseline;white-space:pre;white-space:pre-wrap;\"><font style=\"vertical-align: inherit;\"><font style=\"vertical-align: inherit;\"><font style=\"vertical-align: inherit;\">para idear un <\/font><\/font><\/font><\/span><span style=\"font-size:11pt;font-family:Arial;color:#000000;background-color:transparent;font-weight:700;font-style:normal;font-variant:normal;text-decoration:none;vertical-align:baseline;white-space:pre;white-space:pre-wrap;\"><font style=\"vertical-align: inherit;\"><font style=\"vertical-align: inherit;\"><font style=\"vertical-align: inherit;\">proyecto distintivo, \u00fanico e innovador <\/font><\/font><\/font><\/span><\/font><span style=\"color: rgb(0, 0, 0); font-family: Arial; font-size: 11pt; white-space: pre-wrap;\"><font style=\"vertical-align: inherit;\"><font style=\"vertical-align: inherit;\"><font style=\"vertical-align: inherit;\"><font style=\"vertical-align: inherit;\">que marque un antes y un despu\u00e9s en tu vida.<\/font><\/font><\/font><\/font><\/span><\/p><p dir=\"ltr\" style=\"line-height: 1.38; text-align: justify; margin-top: 0pt; margin-bottom: 0pt;\"><span style=\"font-size:11pt;font-family:Arial;color:#000000;background-color:transparent;font-weight:400;font-style:normal;font-variant:normal;text-decoration:none;vertical-align:baseline;white-space:pre;white-space:pre-wrap;\"><font style=\"vertical-align: inherit;\"><\/font><\/span><\/p>\n<p style=\"text-align: justify;\"><font style=\"vertical-align: inherit;\"><font style=\"vertical-align: inherit; font-size: medium;\"><span id=\"docs-internal-guid-04e98fc8-7fff-78c1-c315-e2b10c09ea60\" style=\"font-size: medium;\"><span style=\"font-size: 11pt; font-family: Arial; color: rgb(0, 0, 0); font-variant-numeric: normal; font-variant-east-asian: normal; vertical-align: baseline; white-space: pre-wrap;\"><font style=\"vertical-align: inherit;\"><font style=\"vertical-align: inherit;\">Esta metodolog\u00eda la han utilizado otros educadores <\/font><\/font><\/span><span style=\"font-size: 11pt; font-family: Arial; color: rgb(0, 0, 0); font-variant-numeric: normal; font-variant-east-asian: normal; vertical-align: baseline; white-space: pre-wrap;\"><font style=\"vertical-align: inherit;\"><font style=\"vertical-align: inherit;\">para dise\u00f1ar, desarrollar y facilitar proyectos educativos que <\/font><\/font><\/span><span style=\"font-size: 11pt; font-family: Arial; color: rgb(0, 0, 0); font-variant-numeric: normal; font-variant-east-asian: normal; vertical-align: baseline; white-space: pre-wrap;\"><font style=\"vertical-align: inherit;\"><font style=\"vertical-align: inherit;\">integran Redes Educativas Telem\u00e1ticas Globales.<\/font><\/font><\/span><\/span><\/font><\/font><\/p>\n<p dir=\"ltr\" style=\"line-height: 1.38; text-align: justify; margin-top: 0pt; margin-bottom: 0pt;\"><strong><\/strong><span style=\"font-size: 11pt; font-family: Arial; color: rgb(0, 0, 0); background-color: transparent; font-style: normal; font-variant: normal; text-decoration: none; vertical-align: baseline; white-space: pre-wrap; font-weight: 400;\"><font style=\"vertical-align: inherit;\"><font style=\"vertical-align: inherit;\"><font style=\"vertical-align: inherit;\"><font style=\"vertical-align: inherit;\">Y ahora ha llegado el momento de <\/font><\/font><\/font><\/font><\/span><span style=\"color: rgb(0, 0, 0); font-family: Arial; font-size: 11pt; white-space: pre-wrap;\"><font style=\"vertical-align: inherit;\"><font style=\"vertical-align: inherit;\"><font style=\"vertical-align: inherit;\"><font style=\"vertical-align: inherit;\">que <strong>t\u00fa te decidas<\/strong> y <strong>la utilices para dar un salto de calidad.<\/strong><\/font><\/font><\/font><\/font><\/span><\/p>\n\n\n\n\n<p><font style=\"vertical-align: inherit;\"><font style=\"vertical-align: inherit;\"><font style=\"vertical-align: inherit;\"><font style=\"vertical-align: inherit;\"><font style=\"vertical-align: inherit;\"><font style=\"vertical-align: inherit;\"><font style=\"vertical-align: inherit;\"><font style=\"vertical-align: inherit;\"><font style=\"vertical-align: inherit;\"><font style=\"vertical-align: inherit;\">Una propuesta <\/font><\/font><\/font><\/font><\/font><\/font><\/font><\/font><strong><font style=\"vertical-align: inherit;\"><font style=\"vertical-align: inherit;\"><font style=\"vertical-align: inherit;\"><font style=\"vertical-align: inherit;\"><font style=\"vertical-align: inherit;\"><font style=\"vertical-align: inherit;\"><font style=\"vertical-align: inherit;\"><font style=\"vertical-align: inherit;\">Abierta, Masiva y Gratuita<\/font><\/font><\/font><\/font><\/font><\/font><\/font><\/font><\/strong><font style=\"vertical-align: inherit;\"><font style=\"vertical-align: inherit;\"><font style=\"vertical-align: inherit;\"><font style=\"vertical-align: inherit;\"><font style=\"vertical-align: inherit;\"><font style=\"vertical-align: inherit;\"><font style=\"vertical-align: inherit;\"><font style=\"vertical-align: inherit;\">    &nbsp;de 1 semana de duraci\u00f3n.<\/font><\/font><\/font><\/font><span style=\"color:#a10000;\"><strong><br><\/strong><\/span><strong><\/strong><\/font><\/font><\/font><\/font><\/font><\/font><\/p>\n<p><font style=\"vertical-align: inherit;\"><font style=\"vertical-align: inherit;\"><font style=\"vertical-align: inherit;\"><font style=\"vertical-align: inherit;\"><font style=\"vertical-align: inherit;\"><font style=\"vertical-align: inherit;\">Dise\u00f1a o transforma tu <\/font><\/font><strong><font style=\"vertical-align: inherit;\"><font style=\"vertical-align: inherit;\">proyecto educativo tradicional en telem\u00e1tico<\/font><\/font><\/strong><font style=\"vertical-align: inherit;\"><font style=\"vertical-align: inherit;\">. <\/font><\/font><\/font><\/font><br><font style=\"vertical-align: inherit;\"><font style=\"vertical-align: inherit;\"><font style=\"vertical-align: inherit;\"><font style=\"vertical-align: inherit;\">Aprende de los expertos.<br><\/font><\/font><\/font><\/font><\/font><\/font><\/p>\n\n\n<p><font style=\"vertical-align: inherit;\"><font style=\"vertical-align: inherit;\"><font style=\"vertical-align: inherit;\"><font style=\"vertical-align: inherit;\"><font style=\"vertical-align: inherit;\"><font style=\"vertical-align: inherit;\">Convi\u00e9rtete en <\/font><\/font><\/font><\/font><strong><font style=\"vertical-align: inherit;\"><font style=\"vertical-align: inherit;\"><font style=\"vertical-align: inherit;\"><font style=\"vertical-align: inherit;\">entrenador<\/font><\/font><\/font><\/font><\/strong><font style=\"vertical-align: inherit;\"><font style=\"vertical-align: inherit;\"><font style=\"vertical-align: inherit;\"><font style=\"vertical-align: inherit;\"> de la <\/font><\/font><\/font><\/font><strong><font style=\"vertical-align: inherit;\"><font style=\"vertical-align: inherit;\"><font style=\"vertical-align: inherit;\"><font style=\"vertical-align: inherit;\">Escuela de Proyectos<\/font><\/font><\/font><\/font><\/strong><font style=\"vertical-align: inherit;\"><font style=\"vertical-align: inherit;\"><font style=\"vertical-align: inherit;\"><font style=\"vertical-align: inherit;\"> .<\/font><\/font><br><\/font><\/font><\/font><\/font><\/p>\n<p><font style=\"vertical-align: inherit;\"><font style=\"vertical-align: inherit;\"><font style=\"vertical-align: inherit;\"><font style=\"vertical-align: inherit;\"><font style=\"vertical-align: inherit;\"><font style=\"vertical-align: inherit;\"><font style=\"vertical-align: inherit;\"><font style=\"vertical-align: inherit;\">Publica y desarrolla tu proyecto a trav\u00e9s de una <\/font><\/font><\/font><\/font><strong><font style=\"vertical-align: inherit;\"><font style=\"vertical-align: inherit;\"><font style=\"vertical-align: inherit;\"><font style=\"vertical-align: inherit;\"><font style=\"vertical-align: inherit;\"><font style=\"vertical-align: inherit;\">Red Telecolaborativa Global.<\/font><\/font><\/font><\/font><\/font><\/font><\/strong><strong><font style=\"vertical-align: inherit;\"><font style=\"vertical-align: inherit;\"><br><\/font><\/font><\/strong><\/font><\/font><\/font><\/font><\/p>\n\n\n\n\n\n\n\n\n\n\n<h1><font style=\"vertical-align: inherit;\"><font style=\"vertical-align: inherit;\"><font style=\"vertical-align: inherit;\"><font style=\"vertical-align: inherit;\"><strong>DESAF\u00cdO<\/strong><br>Lanza tu proyecto educativo TELECOLABORATIVO<\/font><\/font><\/font><\/font><\/h1>\n\n<h1 style=\"text-align: center;\"><font style=\"vertical-align: inherit;\"><font style=\"vertical-align: inherit;\"><font style=\"vertical-align: inherit;\">al MUNDO.<br>&nbsp;&nbsp;<\/font><\/font><\/font><\/h1>\n\n\n\n\n<p style=\"text-align: justify;\"><font style=\"vertical-align: inherit;\"><font style=\"vertical-align: inherit; font-size: medium;\">La participaci\u00f3n de un docente con sus alumnos en un proyecto telecolaborativo (que utiliza las telecomunicaciones para su desarrollo) puede ser una actividad muy placentera y enriquecedora.<br><br><\/font><\/font><\/p><span style=\"font-size:medium;\"><p><\/p><p><font style=\"vertical-align: inherit;\"><font style=\"vertical-align: inherit;\"><font style=\"vertical-align: inherit;\"><font style=\"vertical-align: inherit;\">Se evidencia f\u00e1cilmente en los alumnos, un aumento de la motivaci\u00f3n, una mejor actitud frente al estudio y una mayor dedicaci\u00f3n. <\/font><\/font><\/font><font style=\"vertical-align: inherit;\"><font style=\"vertical-align: inherit;\"><font style=\"vertical-align: inherit;\">Esto les permite<\/font><\/font><\/font><\/font><\/p><p><font style=\"vertical-align: inherit;\"><font style=\"vertical-align: inherit;\"><font style=\"vertical-align: inherit;\"><font style=\"vertical-align: inherit;\">obtener mejores logros acad\u00e9micos al asumir una mayor responsabilidad con su propio aprendizaje.<br><br><\/font><\/font><\/font><\/font><\/p><p><font style=\"vertical-align: inherit;\"><font style=\"vertical-align: inherit;\"><font style=\"vertical-align: inherit;\"><font style=\"vertical-align: inherit;\">El trabajo grupal exige un mayor esfuerzo por estabilizar enfocados en el marco de estudio y mejorar la calidad de sus tareas y producciones que formar\u00e1n parte del trabajo conjunto con sus pares.<br><br><\/font><\/font><\/font><\/font><\/p><p><font style=\"vertical-align: inherit;\"><font style=\"vertical-align: inherit;\"><font style=\"vertical-align: inherit;\"><font style=\"vertical-align: inherit;\">Los educadores ense\u00f1an para la comprensi\u00f3n, buscando diferentes maneras de ayudar a sus alumnos a entender mejor, a realizar actividades que requieren un pensamiento de nivel superior, respecto a un determinado tema: explicando, ejemplificando, aplic\u00e1ndolo y represent\u00e1ndolo de una forma diferente.<br><br><\/font><\/font><\/font><\/font><\/p><p style=\"text-align: justify;\"><font style=\"vertical-align: inherit;\"><font style=\"vertical-align: inherit;\"><font style=\"vertical-align: inherit;\"><font style=\"vertical-align: inherit;\">Aprender supone un esfuerzo que requiere un clima y un ambiente propicio y los estudiantes necesitan ser estimulados intelectualmente.<\/font><\/font><\/font><\/font><\/p><\/span><p><\/p>\n\n\n\n\n<h1><font style=\"vertical-align: inherit;\"><font style=\"vertical-align: inherit;\"><font style=\"vertical-align: inherit;\"><font style=\"vertical-align: inherit;\"><strong><font style=\"vertical-align: inherit;\"><font style=\"vertical-align: inherit;\">DESAF\u00cdO<\/font><\/font><\/strong><br><font style=\"vertical-align: inherit;\"><font style=\"vertical-align: inherit;\"><strong><span style=\"color:#a10000;\">AN\u00cdMATE!!!!<br>Lanza tu proyecto<br>al MUNDO<\/span><\/strong><\/font><\/font><\/font><\/font><\/font><\/font><\/h1>\n\n\n\n\n\n\n\n<div class=\"pvc_clear\"><\/div><p class=\"pvc_stats all \" data-element-id=\"29\" style=\"\"><i class=\"pvc-stats-icon medium\" aria-hidden=\"true\"><svg aria-hidden=\"true\" focusable=\"false\" data-prefix=\"far\" data-icon=\"chart-bar\" role=\"img\" xmlns=\"http:\/\/www.w3.org\/2000\/svg\" viewBox=\"0 0 512 512\" class=\"svg-inline--fa fa-chart-bar fa-w-16 fa-2x\"><path fill=\"currentColor\" d=\"M396.8 352h22.4c6.4 0 12.8-6.4 12.8-12.8V108.8c0-6.4-6.4-12.8-12.8-12.8h-22.4c-6.4 0-12.8 6.4-12.8 12.8v230.4c0 6.4 6.4 12.8 12.8 12.8zm-192 0h22.4c6.4 0 12.8-6.4 12.8-12.8V140.8c0-6.4-6.4-12.8-12.8-12.8h-22.4c-6.4 0-12.8 6.4-12.8 12.8v198.4c0 6.4 6.4 12.8 12.8 12.8zm96 0h22.4c6.4 0 12.8-6.4 12.8-12.8V204.8c0-6.4-6.4-12.8-12.8-12.8h-22.4c-6.4 0-12.8 6.4-12.8 12.8v134.4c0 6.4 6.4 12.8 12.8 12.8zM496 400H48V80c0-8.84-7.16-16-16-16H16C7.16 64 0 71.16 0 80v336c0 17.67 14.33 32 32 32h464c8.84 0 16-7.16 16-16v-16c0-8.84-7.16-16-16-16zm-387.2-48h22.4c6.4 0 12.8-6.4 12.8-12.8v-70.4c0-6.4-6.4-12.8-12.8-12.8h-22.4c-6.4 0-12.8 6.4-12.8 12.8v70.4c0 6.4 6.4 12.8 12.8 12.8z\" class=\"\"><\/path><\/svg><\/i> &nbsp;12,246&nbsp;total views, &nbsp;6&nbsp;views today<\/p><div class=\"pvc_clear\"><\/div>","protected":false},"excerpt":{"rendered":"<p>&nbsp;12,246&nbsp;total views, &nbsp;6&nbsp;views today<\/p>\n<div class=\"pvc_clear\"><\/div>\n<p class=\"pvc_stats all \" data-element-id=\"29\" style=\"\"><i class=\"pvc-stats-icon medium\" aria-hidden=\"true\"><svg aria-hidden=\"true\" focusable=\"false\" data-prefix=\"far\" data-icon=\"chart-bar\" role=\"img\" xmlns=\"http:\/\/www.w3.org\/2000\/svg\" viewBox=\"0 0 512 512\" class=\"svg-inline--fa fa-chart-bar fa-w-16 fa-2x\"><path fill=\"currentColor\" d=\"M396.8 352h22.4c6.4 0 12.8-6.4 12.8-12.8V108.8c0-6.4-6.4-12.8-12.8-12.8h-22.4c-6.4 0-12.8 6.4-12.8 12.8v230.4c0 6.4 6.4 12.8 12.8 12.8zm-192 0h22.4c6.4 0 12.8-6.4 12.8-12.8V140.8c0-6.4-6.4-12.8-12.8-12.8h-22.4c-6.4 0-12.8 6.4-12.8 12.8v198.4c0 6.4 6.4 12.8 12.8 12.8zm96 0h22.4c6.4 0 12.8-6.4 12.8-12.8V204.8c0-6.4-6.4-12.8-12.8-12.8h-22.4c-6.4 0-12.8 6.4-12.8 12.8v134.4c0 6.4 6.4 12.8 12.8 12.8zM496 400H48V80c0-8.84-7.16-16-16-16H16C7.16 64 0 71.16 0 80v336c0 17.67 14.33 32 32 32h464c8.84 0 16-7.16 16-16v-16c0-8.84-7.16-16-16-16zm-387.2-48h22.4c6.4 0 12.8-6.4 12.8-12.8v-70.4c0-6.4-6.4-12.8-12.8-12.8h-22.4c-6.4 0-12.8 6.4-12.8 12.8v70.4c0 6.4 6.4 12.8 12.8 12.8z\" class=\"\"><\/path><\/svg><\/i> &nbsp;12,246&nbsp;total views, &nbsp;6&nbsp;views today<\/p>\n<div class=\"pvc_clear\"><\/div>\n","protected":false},"author":0,"featured_media":0,"parent":0,"menu_order":0,"comment_status":"closed","ping_status":"closed","template":"","meta":{"footnotes":""},"class_list":["post-29","page","type-page","status-publish","hentry"],"_links":{"self":[{"href":"https:\/\/e-ducadores.net\/escueladeproyectos\/wp-json\/wp\/v2\/pages\/29","targetHints":{"allow":["GET"]}}],"collection":[{"href":"https:\/\/e-ducadores.net\/escueladeproyectos\/wp-json\/wp\/v2\/pages"}],"about":[{"href":"https:\/\/e-ducadores.net\/escueladeproyectos\/wp-json\/wp\/v2\/types\/page"}],"replies":[{"embeddable":true,"href":"https:\/\/e-ducadores.net\/escueladeproyectos\/wp-json\/wp\/v2\/comments?post=29"}],"version-history":[{"count":63,"href":"https:\/\/e-ducadores.net\/escueladeproyectos\/wp-json\/wp\/v2\/pages\/29\/revisions"}],"predecessor-version":[{"id":237,"href":"https:\/\/e-ducadores.net\/escueladeproyectos\/wp-json\/wp\/v2\/pages\/29\/revisions\/237"}],"wp:attachment":[{"href":"https:\/\/e-ducadores.net\/escueladeproyectos\/wp-json\/wp\/v2\/media?parent=29"}],"curies":[{"name":"wp","href":"https:\/\/api.w.org\/{rel}","templated":true}]}}