{"id":131,"date":"2021-03-28T19:06:02","date_gmt":"2021-03-28T22:06:02","guid":{"rendered":"https:\/\/e-ducadores.net\/programas\/?page_id=131"},"modified":"2021-04-11T13:51:39","modified_gmt":"2021-04-11T16:51:39","slug":"martesclass","status":"publish","type":"page","link":"https:\/\/e-ducadores.net\/programas\/martesclass\/","title":{"rendered":"MARTESclass"},"content":{"rendered":"\n<div class=\"wp-block-image\"><figure class=\"aligncenter size-large is-resized\"><img loading=\"lazy\" decoding=\"async\" src=\"https:\/\/e-ducadores.net\/programas\/wp-content\/uploads\/2021\/03\/Master-Class-1024x727.jpg\" alt=\"\" class=\"wp-image-39\" width=\"500\" height=\"355\" srcset=\"https:\/\/e-ducadores.net\/programas\/wp-content\/uploads\/2021\/03\/Master-Class-1024x727.jpg 1024w, https:\/\/e-ducadores.net\/programas\/wp-content\/uploads\/2021\/03\/Master-Class-300x213.jpg 300w, https:\/\/e-ducadores.net\/programas\/wp-content\/uploads\/2021\/03\/Master-Class-768x545.jpg 768w, https:\/\/e-ducadores.net\/programas\/wp-content\/uploads\/2021\/03\/Master-Class-1536x1090.jpg 1536w, https:\/\/e-ducadores.net\/programas\/wp-content\/uploads\/2021\/03\/Master-Class.jpg 1747w\" sizes=\"auto, (max-width: 500px) 100vw, 500px\" \/><\/figure><\/div>\n\n\n<h4 style=\"text-align: center;\"><span style=\"color: #800000;\">1\u00ba MARTESclass:<\/span><br><span style=\"color: #800000;\">Fuga en el Siglo XXI Escape Room educativo.<\/span><\/h4>\n<p><strong>El martes 2 de marzo&nbsp;<\/strong>realizamos la primera&nbsp;<strong>Masterclass&nbsp;en vivo&nbsp;<\/strong>del mes.<\/p>\n<p>Descubrimos o conocimos m\u00e1s acerca de esta estrategia did\u00e1ctica disruptiva,&nbsp;<strong>real, virtual o h\u00edbrida,&nbsp;<\/strong>que permite generar inter\u00e9s y deseos de aprender.<\/p>\n<p><strong><em>Prof. Marisa Conde &#8211; Prof. Andrea Rocca.<br><\/em><em>Anfitriona: Prof. Cristina Vel\u00e1zquez.<\/em><\/strong><\/p>\n<p><strong><em><a href=\"https:\/\/www.youtube.com\/watch?v=qE9Ur4Ltltg\">ACCEDE A LA GRABACI\u00d3N<\/a>.<\/em><\/strong><\/p>\n<p><\/p>\n\n\n<hr class=\"wp-block-separator has-text-color has-background is-style-wide\" style=\"background-color:#a01c30;color:#a01c30\"\/>\n\n\n\n<div class=\"wp-block-image\"><figure class=\"aligncenter size-large is-resized\"><img loading=\"lazy\" decoding=\"async\" src=\"https:\/\/e-ducadores.net\/programas\/wp-content\/uploads\/2021\/03\/martesclass2b3.png\" alt=\"\" class=\"wp-image-44\" width=\"500\" height=\"409\"\/><\/figure><\/div>\n\n\n\n<h3 class=\"has-text-align-center wp-block-heading\"><span class=\"has-inline-color has-vivid-cyan-blue-color\">2\u00ba MARTESclass:<\/span><br><span class=\"has-inline-color has-vivid-cyan-blue-color\"><strong>ABP y telecolaboraci\u00f3n:<\/strong><br><strong>las TIC para aprender en Red.<\/strong><\/span><\/h3>\n\n\n\n<p class=\"has-text-align-left\"><strong>El martes 9 de marzo a las 18 horas de Argentina (GMT -3),&nbsp;<\/strong>realizamos la segunda&nbsp;<strong>Masterclass&nbsp;en vivo&nbsp;<\/strong>del mes.<\/p>\n\n\n\n<p>Exploramos el mundo de los Proyectos Telecolaborativos, una estrategia did\u00e1ctica innovadora para la era digital,&nbsp;para lograr aprendizajes profundos conectados al mundo real.<\/p>\n\n\n\n<p><strong><em>Prof. Silvana Carnicero.<\/em><\/strong><\/p>\n\n\n\n<p><strong><em>Anfitriona: Prof. Cristina Vel\u00e1zquez.<\/em><\/strong><\/p>\n\n\n\n<p class=\"has-text-align-left\"><strong><em><a href=\"https:\/\/youtu.be\/VkLFMHzDjWQ\" data-type=\"URL\" data-id=\"https:\/\/youtu.be\/VkLFMHzDjWQ\">ACCEDE A LA GRABACI\u00d3N.<\/a><\/em><\/strong><\/p>\n\n\n\n<hr class=\"wp-block-separator has-text-color has-background is-style-wide\" style=\"background-color:#a01c30;color:#a01c30\"\/>\n\n\n\n<div class=\"wp-block-image\"><figure class=\"aligncenter size-large is-resized\"><img loading=\"lazy\" decoding=\"async\" src=\"https:\/\/e-ducadores.net\/programas\/wp-content\/uploads\/2021\/03\/martesclass3.jpg\" alt=\"\" class=\"wp-image-50\" width=\"500\" height=\"480\"\/><\/figure><\/div>\n\n\n\n<h3 class=\"has-text-align-center wp-block-heading\"><strong><br><span class=\"has-inline-color has-vivid-green-cyan-color\">3\u00ba MARTESclass:<\/span><\/strong><br><strong><span class=\"has-inline-color has-vivid-green-cyan-color\">Cinco secretos de los juegos y narrativas digitales<br>que trascienden el aula.<\/span><\/strong><\/h3>\n\n\n\n<p><strong>El martes 16 de marzo&nbsp;<\/strong>realizamos la tercera&nbsp;<strong>Masterclass&nbsp;en vivo&nbsp;<\/strong>del mes.<\/p>\n\n\n\n<p>A partir de ejemplos reales, revelamos los aspectos y elementos que transforman&nbsp;las propuestas interactivas en poderosos recursos educativos.&nbsp;<\/p>\n\n\n\n<p><strong><em>Prof. Germ\u00e1n Lanfranco.<\/em><\/strong><\/p>\n\n\n\n<p><strong><em>Anfitriona: Prof. Cristina Vel\u00e1zquez.<\/em><\/strong><\/p>\n\n\n\n<p><strong><em><a href=\"https:\/\/youtu.be\/h246Ax--jCE\" data-type=\"URL\" data-id=\"https:\/\/youtu.be\/h246Ax--jCE\">ACCEDE A LA GRABACI\u00d3N<\/a>.<\/em><\/strong><\/p>\n\n\n\n<hr class=\"wp-block-separator has-text-color has-background is-style-wide\" style=\"background-color:#a01c30;color:#a01c30\"\/>\n\n\n\n<div class=\"wp-block-image\"><figure class=\"aligncenter size-large is-resized\"><img loading=\"lazy\" decoding=\"async\" src=\"https:\/\/e-ducadores.net\/programas\/wp-content\/uploads\/2021\/03\/Flyer-masterclass4-1024x1024.jpg\" alt=\"\" class=\"wp-image-59\" width=\"500\" height=\"512\"\/><\/figure><\/div>\n\n\n\n<p><\/p>\n\n\n\n<h3 class=\"has-text-align-center wp-block-heading\"><span class=\"has-inline-color has-vivid-purple-color\">4\u00ba MARTESclass:<br><strong>Rob\u00f3tica Sustentable<\/strong><br><strong>La Tecnolog\u00eda puesta en funci\u00f3n del Arte<\/strong><br><strong>y la Conciencia Ambiental.<\/strong><\/span><\/h3>\n\n\n\n<p><strong>El martes 23 de marzo a las 18 horas de Argentina (GMT -3),&nbsp;<\/strong>realizamos la cuarta Masterclass en vivo del mes.<\/p>\n\n\n\n<p><strong>La educaci\u00f3n nos permite transmutar paradigmas y cuestionar patrones.<br>En esta oportunidad haremos que la Rob\u00f3tica sea algo f\u00e1cil, econ\u00f3mico, creativo y sustentable.<br>\u00bfC\u00f3mo?: \u00a1anim\u00e1ndonos a inventar!<br>Sumate a este viaje lleno de magia y diversi\u00f3n.<\/strong><\/p>\n\n\n\n<p><strong><em>Prof. Melisa Bay<\/em><\/strong><\/p>\n\n\n\n<p><strong><em>Anfitriona: Prof. Cristina Vel\u00e1zquez.<\/em><\/strong><\/p>\n\n\n\n<p><strong><em><a href=\"https:\/\/youtu.be\/FbtX4HzA_ww\" data-type=\"URL\" data-id=\"https:\/\/youtu.be\/FbtX4HzA_ww\">ACCEDE A LA GRABACI\u00d3N<\/a>.<\/em><\/strong><\/p>\n\n\n\n<hr class=\"wp-block-separator is-style-dots\"\/>\n\n\n\n<hr class=\"wp-block-separator is-style-dots\"\/>\n\n\n\n<div class=\"wp-block-image\"><figure class=\"aligncenter size-large is-resized\"><img loading=\"lazy\" decoding=\"async\" src=\"https:\/\/e-ducadores.net\/programas\/wp-content\/uploads\/2021\/03\/5martesclassb-1024x578.jpg\" alt=\"\" class=\"wp-image-130\" width=\"612\" height=\"345\" srcset=\"https:\/\/e-ducadores.net\/programas\/wp-content\/uploads\/2021\/03\/5martesclassb-1024x578.jpg 1024w, https:\/\/e-ducadores.net\/programas\/wp-content\/uploads\/2021\/03\/5martesclassb-300x169.jpg 300w, https:\/\/e-ducadores.net\/programas\/wp-content\/uploads\/2021\/03\/5martesclassb-768x434.jpg 768w, https:\/\/e-ducadores.net\/programas\/wp-content\/uploads\/2021\/03\/5martesclassb.jpg 1222w\" sizes=\"auto, (max-width: 612px) 100vw, 612px\" \/><\/figure><\/div>\n\n\n\n<h3 class=\"has-text-align-center wp-block-heading\"><span class=\"has-inline-color has-vivid-red-color\">5\u00ba MARTESclass:<br><strong><strong>La vuelta a clases con Argentina Cibersegura.<\/strong><\/strong><\/span><\/h3>\n\n\n\n<p><strong>El martes 30 de marzo <\/strong>realizamos la quinta <strong>Masterclass&nbsp;en vivo&nbsp;<\/strong>del mes.<\/p>\n\n\n\n<p>Partiendo de los desaf\u00edos y aprendizajes que nos planteo el pasado a\u00f1o, queremos vivir nuestras experiencias digitales de manera mas saludable y seguras.<\/p>\n\n\n\n<p><strong><em>Prof. Claudia Fuchs y Javier Lombardi<br>Anfitriona: Prof. Cristina Vel\u00e1zquez.<\/em><\/strong><\/p>\n\n\n\n<p><strong><em><a href=\"https:\/\/youtu.be\/rAdlVVYhSPU\" data-type=\"URL\" data-id=\"https:\/\/youtu.be\/rAdlVVYhSPU\">ACCEDE A LA GRABACI\u00d3N.<\/a><\/em><\/strong><\/p>\n<div class=\"pvc_clear\"><\/div><p class=\"pvc_stats all \" data-element-id=\"131\" style=\"\"><i class=\"pvc-stats-icon medium\" aria-hidden=\"true\"><svg aria-hidden=\"true\" focusable=\"false\" data-prefix=\"far\" data-icon=\"chart-bar\" role=\"img\" xmlns=\"http:\/\/www.w3.org\/2000\/svg\" viewBox=\"0 0 512 512\" class=\"svg-inline--fa fa-chart-bar fa-w-16 fa-2x\"><path fill=\"currentColor\" d=\"M396.8 352h22.4c6.4 0 12.8-6.4 12.8-12.8V108.8c0-6.4-6.4-12.8-12.8-12.8h-22.4c-6.4 0-12.8 6.4-12.8 12.8v230.4c0 6.4 6.4 12.8 12.8 12.8zm-192 0h22.4c6.4 0 12.8-6.4 12.8-12.8V140.8c0-6.4-6.4-12.8-12.8-12.8h-22.4c-6.4 0-12.8 6.4-12.8 12.8v198.4c0 6.4 6.4 12.8 12.8 12.8zm96 0h22.4c6.4 0 12.8-6.4 12.8-12.8V204.8c0-6.4-6.4-12.8-12.8-12.8h-22.4c-6.4 0-12.8 6.4-12.8 12.8v134.4c0 6.4 6.4 12.8 12.8 12.8zM496 400H48V80c0-8.84-7.16-16-16-16H16C7.16 64 0 71.16 0 80v336c0 17.67 14.33 32 32 32h464c8.84 0 16-7.16 16-16v-16c0-8.84-7.16-16-16-16zm-387.2-48h22.4c6.4 0 12.8-6.4 12.8-12.8v-70.4c0-6.4-6.4-12.8-12.8-12.8h-22.4c-6.4 0-12.8 6.4-12.8 12.8v70.4c0 6.4 6.4 12.8 12.8 12.8z\" class=\"\"><\/path><\/svg><\/i> &nbsp;1,541&nbsp;Total de visitas, &nbsp;2&nbsp;Visitas hoy<\/p><div class=\"pvc_clear\"><\/div>","protected":false},"excerpt":{"rendered":"<p>1\u00ba MARTESclass:Fuga en el Siglo XXI Escape Room educativo. El martes 2 de marzo&nbsp;realizamos la primera&nbsp;Masterclass&nbsp;en vivo&nbsp;del mes. Descubrimos o<\/p>\n<div class=\"pvc_clear\"><\/div>\n<p class=\"pvc_stats all \" data-element-id=\"131\" style=\"\"><i class=\"pvc-stats-icon medium\" aria-hidden=\"true\"><svg aria-hidden=\"true\" focusable=\"false\" data-prefix=\"far\" data-icon=\"chart-bar\" role=\"img\" xmlns=\"http:\/\/www.w3.org\/2000\/svg\" viewBox=\"0 0 512 512\" class=\"svg-inline--fa fa-chart-bar fa-w-16 fa-2x\"><path fill=\"currentColor\" d=\"M396.8 352h22.4c6.4 0 12.8-6.4 12.8-12.8V108.8c0-6.4-6.4-12.8-12.8-12.8h-22.4c-6.4 0-12.8 6.4-12.8 12.8v230.4c0 6.4 6.4 12.8 12.8 12.8zm-192 0h22.4c6.4 0 12.8-6.4 12.8-12.8V140.8c0-6.4-6.4-12.8-12.8-12.8h-22.4c-6.4 0-12.8 6.4-12.8 12.8v198.4c0 6.4 6.4 12.8 12.8 12.8zm96 0h22.4c6.4 0 12.8-6.4 12.8-12.8V204.8c0-6.4-6.4-12.8-12.8-12.8h-22.4c-6.4 0-12.8 6.4-12.8 12.8v134.4c0 6.4 6.4 12.8 12.8 12.8zM496 400H48V80c0-8.84-7.16-16-16-16H16C7.16 64 0 71.16 0 80v336c0 17.67 14.33 32 32 32h464c8.84 0 16-7.16 16-16v-16c0-8.84-7.16-16-16-16zm-387.2-48h22.4c6.4 0 12.8-6.4 12.8-12.8v-70.4c0-6.4-6.4-12.8-12.8-12.8h-22.4c-6.4 0-12.8 6.4-12.8 12.8v70.4c0 6.4 6.4 12.8 12.8 12.8z\" class=\"\"><\/path><\/svg><\/i> &nbsp;1,541&nbsp;Total de visitas, &nbsp;2&nbsp;Visitas hoy<\/p>\n<div class=\"pvc_clear\"><\/div>\n","protected":false},"author":1,"featured_media":0,"parent":0,"menu_order":0,"comment_status":"closed","ping_status":"closed","template":"","meta":{"footnotes":""},"class_list":["post-131","page","type-page","status-publish","hentry"],"_links":{"self":[{"href":"https:\/\/e-ducadores.net\/programas\/wp-json\/wp\/v2\/pages\/131","targetHints":{"allow":["GET"]}}],"collection":[{"href":"https:\/\/e-ducadores.net\/programas\/wp-json\/wp\/v2\/pages"}],"about":[{"href":"https:\/\/e-ducadores.net\/programas\/wp-json\/wp\/v2\/types\/page"}],"author":[{"embeddable":true,"href":"https:\/\/e-ducadores.net\/programas\/wp-json\/wp\/v2\/users\/1"}],"replies":[{"embeddable":true,"href":"https:\/\/e-ducadores.net\/programas\/wp-json\/wp\/v2\/comments?post=131"}],"version-history":[{"count":7,"href":"https:\/\/e-ducadores.net\/programas\/wp-json\/wp\/v2\/pages\/131\/revisions"}],"predecessor-version":[{"id":188,"href":"https:\/\/e-ducadores.net\/programas\/wp-json\/wp\/v2\/pages\/131\/revisions\/188"}],"wp:attachment":[{"href":"https:\/\/e-ducadores.net\/programas\/wp-json\/wp\/v2\/media?parent=131"}],"curies":[{"name":"wp","href":"https:\/\/api.w.org\/{rel}","templated":true}]}}