{"id":310,"date":"2021-06-25T22:20:58","date_gmt":"2021-06-26T01:20:58","guid":{"rendered":"https:\/\/e-ducadores.net\/programas\/?page_id=310"},"modified":"2021-06-26T12:37:40","modified_gmt":"2021-06-26T15:37:40","slug":"eptic","status":"publish","type":"page","link":"https:\/\/e-ducadores.net\/programas\/eptic\/","title":{"rendered":"Estrategias pedag\u00f3gicas con TIC."},"content":{"rendered":"\n<p style=\"font-size:23px\"><strong><span class=\"has-inline-color has-vivid-red-color\">APRENDER para EDUCAR.<\/span><\/strong><\/p>\n\n\n\n<p><\/p>\n\n\n\n<p><strong><em>Una propuesta actual\u2026<\/em><\/strong> <strong><span class=\"has-inline-color has-vivid-cyan-blue-color\"><em>Con la vigencia intacta&#8230;<\/em><\/span><\/strong><\/p>\n\n\n\n<div class=\"wp-block-image\"><figure class=\"alignleft size-large\"><img loading=\"lazy\" decoding=\"async\" width=\"300\" height=\"225\" src=\"https:\/\/e-ducadores.net\/programas\/wp-content\/uploads\/2021\/06\/FOTOS-DE-Cristina-Velazquez-en-Nadir-0061-300x225-2.jpg\" alt=\"\" class=\"wp-image-314\"\/><\/figure><\/div>\n\n\n\n<p><br>Han pasado algunos a\u00f1os desde el lanzamiento de este libro y <strong><em>todos sus contenidos mantienen su vigencia y las actividades pedag\u00f3gicas sugeridas en \u00e9l, resultan de actualidad.<\/em><\/strong><\/p>\n\n\n\n<p>Es posible acceder a la actualizaci\u00f3n de algunos links de sitios que ya no est\u00e1n disponibles, tutoriales, herramientas o recursos que han modificado su interfaz gr\u00e1fica o algunas de sus funcionalidades.<\/p>\n\n\n\n<p>     <\/p>\n\n\n\n<p>   <\/p>\n\n\n\n<p>Se ofrece:<\/p>\n\n\n\n<ul class=\"wp-block-list\"><li>Una recopilaci\u00f3n de algunos p\u00e1rrafos pertenecientes al libro: el pr\u00f3logo, el ep\u00ed\u00adlogo, la introducci\u00f3n y una serie de conceptos desarrollados en cada uno de los cap\u00edtulos que les permitir\u00e1n, formarse una idea general del contenido de la publicaci\u00f3n.<\/li><li>La digitalizaci\u00f3n de todos los links que se encuentran referenciados en el libro. Esto facilitar\u00e1\u00a1 el proceso de lectura y desarrollo de las actividades propuestas.<\/li><li>Correcci\u00f3n de los errores que resultan del paso del tiempo,. Particularmente, las URL que se han modificado y deben ser reemplazadas por nuevas referencias.<\/li><\/ul>\n\n\n\n<p><a href=\"https:\/\/e-ducadores.net\/epcontic\/\" data-type=\"URL\" data-id=\"https:\/\/e-ducadores.net\/epcontic\/\">Desde este link se puede acceder a dicha informaci\u00f3n.<\/a><\/p>\n\n\n\n<p>Saludos<br>Prof. Cristina Vel\u00e1zquez<\/p>\n\n\n\n<p><\/p>\n<div class=\"pvc_clear\"><\/div><p class=\"pvc_stats all \" data-element-id=\"310\" style=\"\"><i class=\"pvc-stats-icon medium\" aria-hidden=\"true\"><svg aria-hidden=\"true\" focusable=\"false\" data-prefix=\"far\" data-icon=\"chart-bar\" role=\"img\" xmlns=\"http:\/\/www.w3.org\/2000\/svg\" viewBox=\"0 0 512 512\" class=\"svg-inline--fa fa-chart-bar fa-w-16 fa-2x\"><path fill=\"currentColor\" d=\"M396.8 352h22.4c6.4 0 12.8-6.4 12.8-12.8V108.8c0-6.4-6.4-12.8-12.8-12.8h-22.4c-6.4 0-12.8 6.4-12.8 12.8v230.4c0 6.4 6.4 12.8 12.8 12.8zm-192 0h22.4c6.4 0 12.8-6.4 12.8-12.8V140.8c0-6.4-6.4-12.8-12.8-12.8h-22.4c-6.4 0-12.8 6.4-12.8 12.8v198.4c0 6.4 6.4 12.8 12.8 12.8zm96 0h22.4c6.4 0 12.8-6.4 12.8-12.8V204.8c0-6.4-6.4-12.8-12.8-12.8h-22.4c-6.4 0-12.8 6.4-12.8 12.8v134.4c0 6.4 6.4 12.8 12.8 12.8zM496 400H48V80c0-8.84-7.16-16-16-16H16C7.16 64 0 71.16 0 80v336c0 17.67 14.33 32 32 32h464c8.84 0 16-7.16 16-16v-16c0-8.84-7.16-16-16-16zm-387.2-48h22.4c6.4 0 12.8-6.4 12.8-12.8v-70.4c0-6.4-6.4-12.8-12.8-12.8h-22.4c-6.4 0-12.8 6.4-12.8 12.8v70.4c0 6.4 6.4 12.8 12.8 12.8z\" class=\"\"><\/path><\/svg><\/i> &nbsp;1,418&nbsp;Total de visitas, &nbsp;2&nbsp;Visitas hoy<\/p><div class=\"pvc_clear\"><\/div>","protected":false},"excerpt":{"rendered":"<p>APRENDER para EDUCAR. Una propuesta actual\u2026 Con la vigencia intacta&#8230; Han pasado algunos a\u00f1os desde el lanzamiento de este libro<\/p>\n<div class=\"pvc_clear\"><\/div>\n<p class=\"pvc_stats all \" data-element-id=\"310\" style=\"\"><i class=\"pvc-stats-icon medium\" aria-hidden=\"true\"><svg aria-hidden=\"true\" focusable=\"false\" data-prefix=\"far\" data-icon=\"chart-bar\" role=\"img\" xmlns=\"http:\/\/www.w3.org\/2000\/svg\" viewBox=\"0 0 512 512\" class=\"svg-inline--fa fa-chart-bar fa-w-16 fa-2x\"><path fill=\"currentColor\" d=\"M396.8 352h22.4c6.4 0 12.8-6.4 12.8-12.8V108.8c0-6.4-6.4-12.8-12.8-12.8h-22.4c-6.4 0-12.8 6.4-12.8 12.8v230.4c0 6.4 6.4 12.8 12.8 12.8zm-192 0h22.4c6.4 0 12.8-6.4 12.8-12.8V140.8c0-6.4-6.4-12.8-12.8-12.8h-22.4c-6.4 0-12.8 6.4-12.8 12.8v198.4c0 6.4 6.4 12.8 12.8 12.8zm96 0h22.4c6.4 0 12.8-6.4 12.8-12.8V204.8c0-6.4-6.4-12.8-12.8-12.8h-22.4c-6.4 0-12.8 6.4-12.8 12.8v134.4c0 6.4 6.4 12.8 12.8 12.8zM496 400H48V80c0-8.84-7.16-16-16-16H16C7.16 64 0 71.16 0 80v336c0 17.67 14.33 32 32 32h464c8.84 0 16-7.16 16-16v-16c0-8.84-7.16-16-16-16zm-387.2-48h22.4c6.4 0 12.8-6.4 12.8-12.8v-70.4c0-6.4-6.4-12.8-12.8-12.8h-22.4c-6.4 0-12.8 6.4-12.8 12.8v70.4c0 6.4 6.4 12.8 12.8 12.8z\" class=\"\"><\/path><\/svg><\/i> &nbsp;1,418&nbsp;Total de visitas, &nbsp;2&nbsp;Visitas hoy<\/p>\n<div class=\"pvc_clear\"><\/div>\n","protected":false},"author":1,"featured_media":311,"parent":0,"menu_order":0,"comment_status":"closed","ping_status":"closed","template":"","meta":{"footnotes":""},"class_list":["post-310","page","type-page","status-publish","has-post-thumbnail","hentry"],"_links":{"self":[{"href":"https:\/\/e-ducadores.net\/programas\/wp-json\/wp\/v2\/pages\/310","targetHints":{"allow":["GET"]}}],"collection":[{"href":"https:\/\/e-ducadores.net\/programas\/wp-json\/wp\/v2\/pages"}],"about":[{"href":"https:\/\/e-ducadores.net\/programas\/wp-json\/wp\/v2\/types\/page"}],"author":[{"embeddable":true,"href":"https:\/\/e-ducadores.net\/programas\/wp-json\/wp\/v2\/users\/1"}],"replies":[{"embeddable":true,"href":"https:\/\/e-ducadores.net\/programas\/wp-json\/wp\/v2\/comments?post=310"}],"version-history":[{"count":10,"href":"https:\/\/e-ducadores.net\/programas\/wp-json\/wp\/v2\/pages\/310\/revisions"}],"predecessor-version":[{"id":332,"href":"https:\/\/e-ducadores.net\/programas\/wp-json\/wp\/v2\/pages\/310\/revisions\/332"}],"wp:featuredmedia":[{"embeddable":true,"href":"https:\/\/e-ducadores.net\/programas\/wp-json\/wp\/v2\/media\/311"}],"wp:attachment":[{"href":"https:\/\/e-ducadores.net\/programas\/wp-json\/wp\/v2\/media?parent=310"}],"curies":[{"name":"wp","href":"https:\/\/api.w.org\/{rel}","templated":true}]}}