{"id":36,"date":"2021-09-05T14:12:54","date_gmt":"2021-09-05T14:12:54","guid":{"rendered":"https:\/\/e-ducadores.net\/tecnoburbujas\/home\/"},"modified":"2022-03-10T18:45:51","modified_gmt":"2022-03-10T18:45:51","slug":"home","status":"publish","type":"page","link":"https:\/\/e-ducadores.net\/tecnoburbujas\/","title":{"rendered":"Home"},"content":{"rendered":"\n\n\n<h2>Un nuevo proyecto del Programa e-ducadores.<\/h2>\n\n\n\n\n<h4>\u00bfQuieres acceder a tu primera <span style=\"color:#cce0f5;\"><em style=\"color: rgb(204, 224, 245);\">TECNOBurbuja<\/em><\/span><em><\/em>?<\/h4>\n\n\n\n\n\n\n\n\n\n\n\n\n\n\n<h6>\u00bfQuieres sumarte al proyecto? <br>Puedes crear tu propia&nbsp;<span style=\"color: rgb(161, 0, 0);\"><em>TECNOBurbuja<\/em><\/span><em><\/em>&nbsp;<span style=\"font-weight: normal;\">de contenido.<\/span><br><\/h6>\n\n\n<p><br><\/p><p>Tu <span style=\"color:#a10000;\"><strong><em>TECNOBurbuja<\/em><\/strong><\/span><strong><em><\/em><\/strong> puede ser<br><\/p><ul><li>&nbsp;Un texto enriquecido,<\/li><li>un podcast,&nbsp;<\/li><li>un video,<\/li><li>una presentaci\u00f3n multimedia.<\/li><\/ul><p><\/p>\n<p><br><\/p><p>Los ejes tem\u00e1ticos en esta primera etapa:<\/p><ul><li>Gesti\u00f3n de la Informaci\u00f3n,<\/li><li>Herramientas Digitales,<\/li><li>Rob\u00f3tica Educativa,<\/li><li>Entornos Virtuales de Aprendizaje.<\/li><li>Reflexiones sobre el rol de la Tecnolog\u00eda en Pandemia.<\/li><\/ul><p><\/p>\n\n\n<p><br><\/p><p>Las colaboraciones ser\u00e1n publicadas en:<br><\/p><ul><li>&nbsp;Ebooks,<\/li><li>Audiolibros,&nbsp;<\/li><li>Canal de Youtube,<\/li><li>Banco de recursos.<\/li><\/ul><p><\/p>\n<p><br><\/p><p>Tus destinatarios pueden ser<br><\/p><ul><li>&nbsp;educadores,<\/li><li>emprendedores,&nbsp;<\/li><li>profesionales,<\/li><li>estudiantes.<br><br><\/li><\/ul><p><\/p>\n\n\n\n\n\n\n<h2 style=\"color: rgb(0, 71, 178);\">Aqu\u00ed est\u00e1 la segunda TECNOBurbuja&#8230;<br><\/h2>\n\n\n\n\n<h4>El eje de la segunda TECNOBurbuja es<br><span style=\"color:#ffff66;\">\u00abReflexiones sobre el rol de la Tecnolog\u00eda en Pandemia\u00bb.<br>&nbsp;<\/span><\/h4>\n\n\n\n\n\n\n<h2 style=\"color: rgb(0, 71, 178);\">Ya est\u00e1 disponible <br>la tercera TECNOBURBUJA&#8230;<\/h2>\n\n\n\n\n<h4>El eje de esta tercera TECNOBurbuja es<br><span style=\"color:#ffff66;\">\u00abPROPUESTAS INNOVADORAS\u00bb.<br>&nbsp;<\/span><\/h4>\n\n\n\n\n\n\n\n\n\n\n<h4 style=\"color: rgb(107, 36, 178);\"><em style=\"color: rgb(0, 71, 178);\">\u00bfTe gusta la Rob\u00f3tica?<\/em><\/h4>\n<p>Desde la <strong style=\"font-style: italic;\"><span style=\"color:#a10000;\">Escuela de Rob\u00f3tica CREAB\u00d3TICOS<\/span> <\/strong>invitamos a los miembros<span style=\"color:#5c0000;\"> del<strong style=\"font-style: italic;\"> Club de Rob\u00f3tica para Maestros <\/strong><\/span><strong><em><\/em><\/strong>y del <strong><em style=\"color: rgb(92, 0, 0);\">Grupo Maker Latinoam\u00e9rica<\/em><\/strong>&nbsp;a compartir <br>sus <span style=\"color:#e60000;\"><strong style=\"color: rgb(0, 71, 178);\"><em>ROBOBurbujas<\/em><\/strong> <\/span>con nosotros.<\/p>\n\n\n\nSecuencias did\u00e1cticas.\nTorneos &#8211; Competencias.\n\n\n\n\nM\u00faltiples Plataformas.\nDiferentes sets.\n\n\n\n\n<p><strong style=\"font-size: medium; color: rgb(230, 0, 0);\"><font style=\"vertical-align: inherit;\"><font style=\"vertical-align: inherit;\">NUEVA EDICI\u00d3N 2022 COMIENZA EN JULIO.<\/font><\/font><\/strong><\/p>\n\n\n\n\n<h2 style=\"color: rgb(0, 71, 178);\"><font style=\"vertical-align: inherit;\"><font style=\"vertical-align: inherit;\">Ya est\u00e1 disponible <\/font><\/font><br><font style=\"vertical-align: inherit;\"><font style=\"vertical-align: inherit;\">la PRIMERA <span style=\"color:#6b24b2;\">ROBOBURBUJA<\/span>&#8230;<\/font><\/font><\/h2>\n\n\n\n\n<h4><font style=\"vertical-align: inherit;\"><font style=\"vertical-align: inherit;\">El eje es <\/font><\/font><br><span style=\"color:#ffff66;\"><font style=\"vertical-align: inherit;\"><font style=\"vertical-align: inherit;\">\u00abPENSAMIENTO COMPUTACIONAL <br>y ROB\u00d3TICA\u00bb.<\/font><\/font><br>&nbsp;<\/span><\/h4>\n\n\n\n\n\n\n\n<h2 style=\"color: rgb(0, 71, 178);\">\u00bfTienes un art\u00edculo que deseas publicar?<\/h2>\n\n\n\n\n<p class=\"ahS2Le\" style=\"-webkit-box-align: center; align-items: center; display: flex; flex-wrap: wrap; -webkit-box-pack: justify; justify-content: space-between; color: rgb(32, 33, 36); font-family: Roboto, RobotoDraft, Helvetica, Arial, sans-serif; font-size: medium; background-color: rgb(255, 255, 255);\"><\/p><p class=\"F9yp7e ikZYwf G4EHhc\" dir=\"auto\" role=\"heading\" aria-level=\"1\" style=\"text-align: center; font-family: &quot;Google Sans&quot;, Roboto, Helvetica, Arial, sans-serif; font-size: 32px; line-height: 43.2px; max-width: 100%; min-width: 0%; color: rgb(107, 36, 178);\"><font style=\"vertical-align: inherit;\"><font style=\"vertical-align: inherit;\">S\u00famate a TECNOBurbujas&#8230;<\/font><\/font><\/p><p class=\"cBGGJ\" dir=\"auto\" style=\"white-space: pre-wrap; font-family: Roboto, Arial, sans-serif; font-size: 14px; letter-spacing: 0.2px; line-height: 20px; color: rgb(32, 33, 36); margin-top: 12px; background-color: rgb(255, 255, 255);\"><\/p><p style=\"text-align: center;\"><strong><em><span style=\"letter-spacing: 0.2px;\"><\/span><\/em><\/strong><\/p><span style=\"font-size:medium;\"><p style=\"text-align: center;\"><span style=\"letter-spacing: 0.2px;\"><font style=\"vertical-align: inherit;\"><font style=\"vertical-align: inherit;\"><strong><em><\/em><\/strong><\/font><\/font><\/span><\/p><span style=\"font-size:medium;\"><strong><em><p style=\"text-align: center;\"><span style=\"letter-spacing: 0.2px;\"><font style=\"vertical-align: inherit;\"><font style=\"vertical-align: inherit;\">Te recomendamos participar de este Proyecto de e-ducadores, peque\u00f1as unidades de contenido vinculado a las Tecnolog\u00edas de la Informaci\u00f3n, a la Tecnolog\u00eda Educativa Digital ya sus posibilidades para ense\u00f1ar, aprender, crear, compartir y desarrollar nuestras habilidades personales.<\/font><\/font><\/span><\/p><p style=\"text-align: center;\"><span style=\"letter-spacing: 0.2px;\"><br><\/span><\/p><p style=\"text-align: center;\"><span style=\"letter-spacing: 0.2px;\"><font style=\"vertical-align: inherit;\"><font style=\"vertical-align: inherit;\">Lecturas, podcast, videos y otros productos digitales, nos ayudar\u00e1n a mejorar diferentes aspectos de la vida cotidiana: actividades y emprendimientos laborales, en el estudio, en nuestras pr\u00e1cticas pedag\u00f3gicas, buscando una mejora en la manera que tenemos de comunicarnos, de transmitir nuestras ideas y, adem\u00e1s, de crear comunidad y contenido de calidad.<\/font><\/font><\/span><\/p><\/em><\/strong><\/span><p style=\"text-align: center;\"><span style=\"letter-spacing: 0.2px;\"><font style=\"vertical-align: inherit;\"><font style=\"vertical-align: inherit;\"><\/font><\/font><\/span><\/p><p style=\"text-align: center;\"><span style=\"letter-spacing: 0.2px;\"><font style=\"vertical-align: inherit;\"><font style=\"vertical-align: inherit;\">&nbsp;&nbsp;<\/font><\/font><\/span><\/p><\/span><p style=\"text-align: center;\"><span style=\"letter-spacing: 0.2px;\"><\/span><\/p><p style=\"text-align: center;\"><span style=\"letter-spacing: 0.2px;\">  <\/span><\/p>\n\n\n\n\n<h4>Comparte tu propia&nbsp;<em style=\"color: rgb(250, 204, 204);\">TECNOBurbuja&#8230;<\/em><\/h4>\n<p><font color=\"#212121\"><strong><\/strong><\/font><\/p><span style=\"line-height: 3; background-color: rgb(255, 255, 255); font-size: medium; color: rgb(255, 255, 255);\"><p style=\"text-align: right; \"><font color=\"#212121\"><strong><em><\/em><\/strong><\/font><\/p><span style=\"font-family: Arial; color: rgb(255, 235, 204); font-size: large;\"><p style=\"text-align: center;\"><font color=\"#212121\"><strong>&nbsp;<\/strong><\/font><\/p><p style=\"text-align: center;\"><font color=\"#212121\"><strong>Puede ser un trabajo grupal o individual.<\/strong><\/font><\/p><p style=\"text-align: center;\"><strong><br>Es una nueva propuesta colaborativa, como lo son nuestras Revistas Digitales:<\/strong><\/p><p style=\"text-align: center;\"><strong><a href=\"http:\/\/e-ducadores.com\/aprenderparaeducar\/\"><br>APRENDER PARA EDUCAR CON TECNOLOG\u00cdA<\/a><br>ISSN 2344-9659<\/strong><strong><br><\/strong><\/p><p style=\"text-align: center;\"><strong><a href=\"https:\/\/e-ducadores.org\/revista\/\"><br><\/a><\/strong><\/p><p style=\"text-align: center;\"><strong><a href=\"https:\/\/e-ducadores.org\/revista\/\">e-DUCADORES DEL MUNDO<\/a><br>ISSN 2591-2917<\/strong><strong><br><br><\/strong><\/p><\/span><p><\/p><\/span>\n\n\n\n\n\n\n\n\n\n\n\n\n\n\n\n\n\n\n\n\n\n<h4>Conoce todas nuestras propuestas&#8230;<\/h4>\n\n\n\n\n\n\n\n<div class=\"pvc_clear\"><\/div><p class=\"pvc_stats all \" data-element-id=\"36\" style=\"\"><i class=\"pvc-stats-icon medium\" aria-hidden=\"true\"><svg aria-hidden=\"true\" focusable=\"false\" data-prefix=\"far\" data-icon=\"chart-bar\" role=\"img\" xmlns=\"http:\/\/www.w3.org\/2000\/svg\" viewBox=\"0 0 512 512\" class=\"svg-inline--fa fa-chart-bar fa-w-16 fa-2x\"><path fill=\"currentColor\" d=\"M396.8 352h22.4c6.4 0 12.8-6.4 12.8-12.8V108.8c0-6.4-6.4-12.8-12.8-12.8h-22.4c-6.4 0-12.8 6.4-12.8 12.8v230.4c0 6.4 6.4 12.8 12.8 12.8zm-192 0h22.4c6.4 0 12.8-6.4 12.8-12.8V140.8c0-6.4-6.4-12.8-12.8-12.8h-22.4c-6.4 0-12.8 6.4-12.8 12.8v198.4c0 6.4 6.4 12.8 12.8 12.8zm96 0h22.4c6.4 0 12.8-6.4 12.8-12.8V204.8c0-6.4-6.4-12.8-12.8-12.8h-22.4c-6.4 0-12.8 6.4-12.8 12.8v134.4c0 6.4 6.4 12.8 12.8 12.8zM496 400H48V80c0-8.84-7.16-16-16-16H16C7.16 64 0 71.16 0 80v336c0 17.67 14.33 32 32 32h464c8.84 0 16-7.16 16-16v-16c0-8.84-7.16-16-16-16zm-387.2-48h22.4c6.4 0 12.8-6.4 12.8-12.8v-70.4c0-6.4-6.4-12.8-12.8-12.8h-22.4c-6.4 0-12.8 6.4-12.8 12.8v70.4c0 6.4 6.4 12.8 12.8 12.8z\" class=\"\"><\/path><\/svg><\/i> &nbsp;16,586&nbsp;total views, &nbsp;3&nbsp;views today<\/p><div class=\"pvc_clear\"><\/div>","protected":false},"excerpt":{"rendered":"<p>&nbsp;16,586&nbsp;total views, &nbsp;3&nbsp;views today<\/p>\n<div class=\"pvc_clear\"><\/div>\n<p class=\"pvc_stats all \" data-element-id=\"36\" style=\"\"><i class=\"pvc-stats-icon medium\" aria-hidden=\"true\"><svg aria-hidden=\"true\" focusable=\"false\" data-prefix=\"far\" data-icon=\"chart-bar\" role=\"img\" xmlns=\"http:\/\/www.w3.org\/2000\/svg\" viewBox=\"0 0 512 512\" class=\"svg-inline--fa fa-chart-bar fa-w-16 fa-2x\"><path fill=\"currentColor\" d=\"M396.8 352h22.4c6.4 0 12.8-6.4 12.8-12.8V108.8c0-6.4-6.4-12.8-12.8-12.8h-22.4c-6.4 0-12.8 6.4-12.8 12.8v230.4c0 6.4 6.4 12.8 12.8 12.8zm-192 0h22.4c6.4 0 12.8-6.4 12.8-12.8V140.8c0-6.4-6.4-12.8-12.8-12.8h-22.4c-6.4 0-12.8 6.4-12.8 12.8v198.4c0 6.4 6.4 12.8 12.8 12.8zm96 0h22.4c6.4 0 12.8-6.4 12.8-12.8V204.8c0-6.4-6.4-12.8-12.8-12.8h-22.4c-6.4 0-12.8 6.4-12.8 12.8v134.4c0 6.4 6.4 12.8 12.8 12.8zM496 400H48V80c0-8.84-7.16-16-16-16H16C7.16 64 0 71.16 0 80v336c0 17.67 14.33 32 32 32h464c8.84 0 16-7.16 16-16v-16c0-8.84-7.16-16-16-16zm-387.2-48h22.4c6.4 0 12.8-6.4 12.8-12.8v-70.4c0-6.4-6.4-12.8-12.8-12.8h-22.4c-6.4 0-12.8 6.4-12.8 12.8v70.4c0 6.4 6.4 12.8 12.8 12.8z\" class=\"\"><\/path><\/svg><\/i> &nbsp;16,586&nbsp;total views, &nbsp;3&nbsp;views today<\/p>\n<div class=\"pvc_clear\"><\/div>\n","protected":false},"author":0,"featured_media":0,"parent":0,"menu_order":0,"comment_status":"closed","ping_status":"closed","template":"","meta":{"footnotes":""},"class_list":["post-36","page","type-page","status-publish","hentry"],"_links":{"self":[{"href":"https:\/\/e-ducadores.net\/tecnoburbujas\/wp-json\/wp\/v2\/pages\/36","targetHints":{"allow":["GET"]}}],"collection":[{"href":"https:\/\/e-ducadores.net\/tecnoburbujas\/wp-json\/wp\/v2\/pages"}],"about":[{"href":"https:\/\/e-ducadores.net\/tecnoburbujas\/wp-json\/wp\/v2\/types\/page"}],"replies":[{"embeddable":true,"href":"https:\/\/e-ducadores.net\/tecnoburbujas\/wp-json\/wp\/v2\/comments?post=36"}],"version-history":[{"count":46,"href":"https:\/\/e-ducadores.net\/tecnoburbujas\/wp-json\/wp\/v2\/pages\/36\/revisions"}],"predecessor-version":[{"id":166,"href":"https:\/\/e-ducadores.net\/tecnoburbujas\/wp-json\/wp\/v2\/pages\/36\/revisions\/166"}],"wp:attachment":[{"href":"https:\/\/e-ducadores.net\/tecnoburbujas\/wp-json\/wp\/v2\/media?parent=36"}],"curies":[{"name":"wp","href":"https:\/\/api.w.org\/{rel}","templated":true}]}}